{"id":308261,"date":"2024-07-30T14:50:07","date_gmt":"2024-07-30T17:50:07","guid":{"rendered":"https:\/\/www.livrariarema.com.br\/loja\/produtos\/sem categoria\/biblia-em-acao-quadrinhos-devocional-jeremy-v-jones\/"},"modified":"2025-12-16T15:15:02","modified_gmt":"2025-12-16T18:15:02","slug":"biblia-em-acao-quadrinhos-devocional-jeremy-v-jones","status":"publish","type":"product","link":"https:\/\/www.livrariarema.com.br\/loja\/produtos\/livros\/manga-hq\/biblia-em-acao-quadrinhos-devocional-jeremy-v-jones\/","title":{"rendered":"B\u00edblia Em A\u00e7\u00e3o &#8211; Quadrinhos &#8211; Devocional &#8211; Jeremy V. Jones"},"content":{"rendered":"<p>Divido em 52 semanas, este livro far\u00e1 com que os jovens mergulhem em cada hist\u00f3ria e aventura contada, fazendo com que eles procurem saber ainda mais sobre elas na B\u00edblia comum e na B\u00edblia em A\u00e7\u00e3o, estimulando assim a f\u00e9 na vida cotidiana. <\/p>\n<p>O Devocional traz em cada estudo\/semana as seguintes ferramentas: <\/p>\n<p>&#8211; Uma hist\u00f3ria ilustrada da B\u00edblia em A\u00e7\u00e3o. <br \/>\n&#8211; Vers\u00edculo-chave. <br \/>\n&#8211; Vis\u00e3o de Raio-X: alguns pensamentos breves para conectar a hist\u00f3ria apresentada com a vida do leitor. <br \/>\n&#8211; Sua Miss\u00e3o: tr\u00eas ideias para colocar os temas lidos em pr\u00e1tica. O leitor pode escolher uma ou tentar fazer todas. <br \/>\n&#8211; Seu Questionamento: tr\u00eas perguntas que estimulam o leitor a pensar e refletir sobre o tema. <br \/>\n&#8211; Miss\u00e3o Cumprida: lugar para fazer algumas anota\u00e7\u00f5es, que servir\u00e3o como lembretes.<br \/> <br \/>\n&#8211; Compartilhe a Aventura: ideias ocasionais para envolver pais ou amigos.<br \/> <br \/>\n&#8211; P\u00e1gina Panor\u00e2mica: vem para estimular a criatividade. <\/p>\n<p>Este livro far\u00e1 com que os jovens tenham sonhos, falem com Deus sobre eles e tente realiz\u00e1-los, colocando a f\u00e9 e os ensinamentos do Senhor em A\u00e7\u00e3o.  <\/p>\n","protected":false},"excerpt":{"rendered":"<p>Divido em 52 semanas, este livro far\u00e1 com que os jovens mergulhem em cada hist\u00f3ria e aventura contada, fazendo com&hellip;<\/p>\n","protected":false},"featured_media":326083,"comment_status":"open","ping_status":"closed","template":"","meta":[],"product_cat":[134,189],"product_tag":[],"_links":{"self":[{"href":"https:\/\/www.livrariarema.com.br\/loja\/wp-json\/wp\/v2\/product\/308261"}],"collection":[{"href":"https:\/\/www.livrariarema.com.br\/loja\/wp-json\/wp\/v2\/product"}],"about":[{"href":"https:\/\/www.livrariarema.com.br\/loja\/wp-json\/wp\/v2\/types\/product"}],"replies":[{"embeddable":true,"href":"https:\/\/www.livrariarema.com.br\/loja\/wp-json\/wp\/v2\/comments?post=308261"}],"wp:featuredmedia":[{"embeddable":true,"href":"https:\/\/www.livrariarema.com.br\/loja\/wp-json\/wp\/v2\/media\/326083"}],"wp:attachment":[{"href":"https:\/\/www.livrariarema.com.br\/loja\/wp-json\/wp\/v2\/media?parent=308261"}],"wp:term":[{"taxonomy":"product_cat","embeddable":true,"href":"https:\/\/www.livrariarema.com.br\/loja\/wp-json\/wp\/v2\/product_cat?post=308261"},{"taxonomy":"product_tag","embeddable":true,"href":"https:\/\/www.livrariarema.com.br\/loja\/wp-json\/wp\/v2\/product_tag?post=308261"}],"curies":[{"name":"wp","href":"https:\/\/api.w.org\/{rel}","templated":true}]}}