{"id":309230,"date":"2024-08-06T11:14:25","date_gmt":"2024-08-06T14:14:25","guid":{"rendered":"https:\/\/www.livrariarema.com.br\/loja\/produtos\/sem categoria\/arc065lgilvez-biblia-letra-gigante-com-ziper-pink\/"},"modified":"2026-04-06T10:20:48","modified_gmt":"2026-04-06T13:20:48","slug":"arc065lgilvez-biblia-letra-gigante-com-ziper-pink","status":"publish","type":"product","link":"https:\/\/www.livrariarema.com.br\/loja\/produtos\/biblias\/revista-corrigida-biblias\/arc065lgilvez-biblia-letra-gigante-com-ziper-pink\/","title":{"rendered":"Arc065lgilvez &#8211; B\u00edblia Letra Gigante &#8211; Com Z\u00edper &#8211; Pink"},"content":{"rendered":"<p>Esta edi\u00e7\u00e3o da B\u00edblia Sagrada \u00e9 ideal para quem busca conforto na leitura da Palavra de Deus e, ao mesmo tempo, praticidade no uso e transporte di\u00e1rios. Dispon\u00edvel em diversas op\u00e7\u00f5es de capa.<\/p>\n","protected":false},"excerpt":{"rendered":"<p>Esta edi\u00e7\u00e3o da B\u00edblia Sagrada \u00e9 ideal para quem busca conforto na leitura da Palavra de Deus e, ao mesmo&hellip;<\/p>\n","protected":false},"featured_media":342215,"comment_status":"open","ping_status":"closed","template":"","meta":[],"product_cat":[139,149],"product_tag":[],"_links":{"self":[{"href":"https:\/\/www.livrariarema.com.br\/loja\/wp-json\/wp\/v2\/product\/309230"}],"collection":[{"href":"https:\/\/www.livrariarema.com.br\/loja\/wp-json\/wp\/v2\/product"}],"about":[{"href":"https:\/\/www.livrariarema.com.br\/loja\/wp-json\/wp\/v2\/types\/product"}],"replies":[{"embeddable":true,"href":"https:\/\/www.livrariarema.com.br\/loja\/wp-json\/wp\/v2\/comments?post=309230"}],"wp:featuredmedia":[{"embeddable":true,"href":"https:\/\/www.livrariarema.com.br\/loja\/wp-json\/wp\/v2\/media\/342215"}],"wp:attachment":[{"href":"https:\/\/www.livrariarema.com.br\/loja\/wp-json\/wp\/v2\/media?parent=309230"}],"wp:term":[{"taxonomy":"product_cat","embeddable":true,"href":"https:\/\/www.livrariarema.com.br\/loja\/wp-json\/wp\/v2\/product_cat?post=309230"},{"taxonomy":"product_tag","embeddable":true,"href":"https:\/\/www.livrariarema.com.br\/loja\/wp-json\/wp\/v2\/product_tag?post=309230"}],"curies":[{"name":"wp","href":"https:\/\/api.w.org\/{rel}","templated":true}]}}