{"id":309234,"date":"2024-08-06T11:14:36","date_gmt":"2024-08-06T14:14:36","guid":{"rendered":"https:\/\/www.livrariarema.com.br\/loja\/produtos\/sem categoria\/arc065lgilve-biblia-letra-gigante-linha-ouro-azul\/"},"modified":"2026-04-29T13:52:09","modified_gmt":"2026-04-29T16:52:09","slug":"arc065lgilve-biblia-letra-gigante-linha-ouro-azul","status":"publish","type":"product","link":"https:\/\/www.livrariarema.com.br\/loja\/produtos\/biblias\/revista-corrigida-biblias\/arc065lgilve-biblia-letra-gigante-linha-ouro-azul\/","title":{"rendered":"Arc065lgilve &#8211; B\u00edblia Letra Gigante &#8211; Linha Ouro &#8211; Azul"},"content":{"rendered":"<p>Esta edi\u00e7\u00e3o da B\u00edblia Sagrada \u00e9 ideal para quem busca conforto na leitura da Palavra de Deus e, ao mesmo tempo, praticidade no uso e transporte di\u00e1rios. Dispon\u00edvel em diversas op\u00e7\u00f5es de capa, com ou sem z\u00edper. A linha Ouro apresenta material de acabamento de excelente qualidade, papel importado e valor acess\u00edvel.<\/p>\n","protected":false},"excerpt":{"rendered":"<p>Esta edi\u00e7\u00e3o da B\u00edblia Sagrada \u00e9 ideal para quem busca conforto na leitura da Palavra de Deus e, ao mesmo&hellip;<\/p>\n","protected":false},"featured_media":347553,"comment_status":"open","ping_status":"closed","template":"","meta":[],"product_cat":[139,149],"product_tag":[],"_links":{"self":[{"href":"https:\/\/www.livrariarema.com.br\/loja\/wp-json\/wp\/v2\/product\/309234"}],"collection":[{"href":"https:\/\/www.livrariarema.com.br\/loja\/wp-json\/wp\/v2\/product"}],"about":[{"href":"https:\/\/www.livrariarema.com.br\/loja\/wp-json\/wp\/v2\/types\/product"}],"replies":[{"embeddable":true,"href":"https:\/\/www.livrariarema.com.br\/loja\/wp-json\/wp\/v2\/comments?post=309234"}],"wp:featuredmedia":[{"embeddable":true,"href":"https:\/\/www.livrariarema.com.br\/loja\/wp-json\/wp\/v2\/media\/347553"}],"wp:attachment":[{"href":"https:\/\/www.livrariarema.com.br\/loja\/wp-json\/wp\/v2\/media?parent=309234"}],"wp:term":[{"taxonomy":"product_cat","embeddable":true,"href":"https:\/\/www.livrariarema.com.br\/loja\/wp-json\/wp\/v2\/product_cat?post=309234"},{"taxonomy":"product_tag","embeddable":true,"href":"https:\/\/www.livrariarema.com.br\/loja\/wp-json\/wp\/v2\/product_tag?post=309234"}],"curies":[{"name":"wp","href":"https:\/\/api.w.org\/{rel}","templated":true}]}}