{"id":309244,"date":"2024-08-06T11:15:23","date_gmt":"2024-08-06T14:15:23","guid":{"rendered":"https:\/\/www.livrariarema.com.br\/loja\/produtos\/sem%20categoria\/na89-biblia-sagrada-slim-couro-legitimo-rubi\/"},"modified":"2025-09-17T13:41:39","modified_gmt":"2025-09-17T16:41:39","slug":"na89-biblia-sagrada-slim-couro-legitimo-rubi","status":"publish","type":"product","link":"https:\/\/www.livrariarema.com.br\/loja\/produtos\/biblias\/nova-almeida-atualizada\/na89-biblia-sagrada-slim-couro-legitimo-rubi\/","title":{"rendered":"Na89slim &#8211; B\u00edblia Sagrada Slim &#8211; Couro Leg\u00edtimo &#8211; Rubi"},"content":{"rendered":"<p>Excelente op\u00e7\u00e3o para o dia a dia, esta edi\u00e7\u00e3o da B\u00edblia Sagrada \u00e9 ultra fina e possui letras grandes com texto b\u00edblico na tradu\u00e7\u00e3o Nova Almeida Atualizada.<\/p>\n","protected":false},"excerpt":{"rendered":"<p>Excelente op\u00e7\u00e3o para o dia a dia, esta edi\u00e7\u00e3o da B\u00edblia Sagrada \u00e9 ultra fina e possui letras grandes com&hellip;<\/p>\n","protected":false},"featured_media":337096,"comment_status":"open","ping_status":"closed","template":"","meta":[],"product_cat":[139,174],"product_tag":[],"_links":{"self":[{"href":"https:\/\/www.livrariarema.com.br\/loja\/wp-json\/wp\/v2\/product\/309244"}],"collection":[{"href":"https:\/\/www.livrariarema.com.br\/loja\/wp-json\/wp\/v2\/product"}],"about":[{"href":"https:\/\/www.livrariarema.com.br\/loja\/wp-json\/wp\/v2\/types\/product"}],"replies":[{"embeddable":true,"href":"https:\/\/www.livrariarema.com.br\/loja\/wp-json\/wp\/v2\/comments?post=309244"}],"wp:featuredmedia":[{"embeddable":true,"href":"https:\/\/www.livrariarema.com.br\/loja\/wp-json\/wp\/v2\/media\/337096"}],"wp:attachment":[{"href":"https:\/\/www.livrariarema.com.br\/loja\/wp-json\/wp\/v2\/media?parent=309244"}],"wp:term":[{"taxonomy":"product_cat","embeddable":true,"href":"https:\/\/www.livrariarema.com.br\/loja\/wp-json\/wp\/v2\/product_cat?post=309244"},{"taxonomy":"product_tag","embeddable":true,"href":"https:\/\/www.livrariarema.com.br\/loja\/wp-json\/wp\/v2\/product_tag?post=309244"}],"curies":[{"name":"wp","href":"https:\/\/api.w.org\/{rel}","templated":true}]}}