{"id":309248,"date":"2024-08-06T11:15:35","date_gmt":"2024-08-06T14:15:35","guid":{"rendered":"https:\/\/www.livrariarema.com.br\/loja\/produtos\/sem categoria\/ntlh063bpj-biblia-de-estudo-plenitude-para-jovens-marrom\/"},"modified":"2025-09-17T13:49:16","modified_gmt":"2025-09-17T16:49:16","slug":"ntlh063bpj-biblia-de-estudo-plenitude-para-jovens-marrom","status":"publish","type":"product","link":"https:\/\/www.livrariarema.com.br\/loja\/produtos\/biblias\/estudo\/ntlh063bpj-biblia-de-estudo-plenitude-para-jovens-marrom\/","title":{"rendered":"Ntlh063bpj &#8211; B\u00edblia De Estudo Plenitude Para Jovens &#8211; Marrom"},"content":{"rendered":"<p>Esta obra foi desenvolvida para os jovens que querem estar em dia com a atualidade e sintonizados com a verdade eterna. Cont\u00e9m recursos especiais que permitem ao jovem leitor colocar a Palavra de Deus em pr\u00e1tica e refletir sobre a sua mensagem; Entre eles, destacam-se Din\u00e2mica do Reino, que enfoca 15 temas b\u00edblicos considerados desafiadores e cruciais, trazendo discuss\u00f5es sclarecedoras desses t\u00f3picos em mais de 150 passagens b\u00edblicas; e Palavra-Chave, que re\u00fane mais de 300 termos teol\u00f3gicos; Outra ferramenta que merece aten\u00e7\u00e3o especial \u00e9 a F\u00e9 Viva, um conjunto de artigos que, al\u00e9m de esclarecer uma s\u00e9rie de trechos da B\u00edblia, contribuem para que o jovem pratique a Palavra de Deus em seu dia a dia.<\/p>\n","protected":false},"excerpt":{"rendered":"<p>Esta obra foi desenvolvida para os jovens que querem estar em dia com a atualidade e sintonizados com a verdade&hellip;<\/p>\n","protected":false},"featured_media":337171,"comment_status":"open","ping_status":"closed","template":"","meta":[],"product_cat":[139,140],"product_tag":[],"_links":{"self":[{"href":"https:\/\/www.livrariarema.com.br\/loja\/wp-json\/wp\/v2\/product\/309248"}],"collection":[{"href":"https:\/\/www.livrariarema.com.br\/loja\/wp-json\/wp\/v2\/product"}],"about":[{"href":"https:\/\/www.livrariarema.com.br\/loja\/wp-json\/wp\/v2\/types\/product"}],"replies":[{"embeddable":true,"href":"https:\/\/www.livrariarema.com.br\/loja\/wp-json\/wp\/v2\/comments?post=309248"}],"wp:featuredmedia":[{"embeddable":true,"href":"https:\/\/www.livrariarema.com.br\/loja\/wp-json\/wp\/v2\/media\/337171"}],"wp:attachment":[{"href":"https:\/\/www.livrariarema.com.br\/loja\/wp-json\/wp\/v2\/media?parent=309248"}],"wp:term":[{"taxonomy":"product_cat","embeddable":true,"href":"https:\/\/www.livrariarema.com.br\/loja\/wp-json\/wp\/v2\/product_cat?post=309248"},{"taxonomy":"product_tag","embeddable":true,"href":"https:\/\/www.livrariarema.com.br\/loja\/wp-json\/wp\/v2\/product_tag?post=309248"}],"curies":[{"name":"wp","href":"https:\/\/api.w.org\/{rel}","templated":true}]}}