{"id":309254,"date":"2024-08-06T11:15:57","date_gmt":"2024-08-06T14:15:57","guid":{"rendered":"https:\/\/www.livrariarema.com.br\/loja\/produtos\/sem categoria\/ntlh65el-o-livro-dos-livros-edicao-literaria-da-biblia-sagrada\/"},"modified":"2025-09-17T13:42:37","modified_gmt":"2025-09-17T16:42:37","slug":"ntlh65el-o-livro-dos-livros-edicao-literaria-da-biblia-sagrada","status":"publish","type":"product","link":"https:\/\/www.livrariarema.com.br\/loja\/produtos\/biblias\/ntlh\/ntlh65el-o-livro-dos-livros-edicao-literaria-da-biblia-sagrada\/","title":{"rendered":"Ntlh65el &#8211; O Livro Dos Livros &#8211; Edi\u00e7\u00e3o Liter\u00e1ria Da B\u00edblia Sagrada"},"content":{"rendered":"<p>Esta edi\u00e7\u00e3o da B\u00edblia Sagrada tem um apelo especial: est\u00e1 totalmente diagramada em formato de livro comum. A obra foi concebida especialmente para destacar ao leitor o car\u00e1ter liter\u00e1rio das Sagradas Escrituras, um livro que venceu o tempo, \u00e9 considerado o Livro dos livros e deve ser conhecido e lido por todos. Em sua origem, os livros b\u00edblicos foram escritos de forma cont\u00ednua, sem qualquer tipo de divis\u00e3o. Apenas nos s\u00e9culos 13 e 16 \u00e9 que foram desenvolvidos, respectivamente, cap\u00edtulos e vers\u00edculos, que facilitam a localiza\u00e7\u00e3o do texto desejado em qualquer edi\u00e7\u00e3o da B\u00edblia. Assim, a obra faz um resgate ao formato original das Escrituras e traz o texto b\u00edblico, na Nova Tradu\u00e7\u00e3o na Linguagem de Hoje, em uma s\u00f3 coluna, sem indica\u00e7\u00e3o de cap\u00edtulos, vers\u00edculos e t\u00edtulos de se\u00e7\u00e3o dentro do texto. Para facilitar a leitura, foram deixados espa\u00e7os entre as se\u00e7\u00f5es ou blocos maiores de textos e colocadas refer\u00eancias no alto da p\u00e1gina.<\/p>\n","protected":false},"excerpt":{"rendered":"<p>Esta edi\u00e7\u00e3o da B\u00edblia Sagrada tem um apelo especial: est\u00e1 totalmente diagramada em formato de livro comum. A obra foi&hellip;<\/p>\n","protected":false},"featured_media":337103,"comment_status":"open","ping_status":"closed","template":"","meta":[],"product_cat":[139,188],"product_tag":[],"_links":{"self":[{"href":"https:\/\/www.livrariarema.com.br\/loja\/wp-json\/wp\/v2\/product\/309254"}],"collection":[{"href":"https:\/\/www.livrariarema.com.br\/loja\/wp-json\/wp\/v2\/product"}],"about":[{"href":"https:\/\/www.livrariarema.com.br\/loja\/wp-json\/wp\/v2\/types\/product"}],"replies":[{"embeddable":true,"href":"https:\/\/www.livrariarema.com.br\/loja\/wp-json\/wp\/v2\/comments?post=309254"}],"wp:featuredmedia":[{"embeddable":true,"href":"https:\/\/www.livrariarema.com.br\/loja\/wp-json\/wp\/v2\/media\/337103"}],"wp:attachment":[{"href":"https:\/\/www.livrariarema.com.br\/loja\/wp-json\/wp\/v2\/media?parent=309254"}],"wp:term":[{"taxonomy":"product_cat","embeddable":true,"href":"https:\/\/www.livrariarema.com.br\/loja\/wp-json\/wp\/v2\/product_cat?post=309254"},{"taxonomy":"product_tag","embeddable":true,"href":"https:\/\/www.livrariarema.com.br\/loja\/wp-json\/wp\/v2\/product_tag?post=309254"}],"curies":[{"name":"wp","href":"https:\/\/api.w.org\/{rel}","templated":true}]}}