{"id":310029,"date":"2024-08-07T13:31:22","date_gmt":"2024-08-07T16:31:22","guid":{"rendered":"https:\/\/www.livrariarema.com.br\/loja\/produtos\/sem categoria\/ntlh-gnt63-biblia-bilingue-portuguesntlh-inglesgnt-capa-dura-ovelha\/"},"modified":"2026-01-27T18:20:31","modified_gmt":"2026-01-27T21:20:31","slug":"ntlh-gnt63-biblia-bilingue-portuguesntlh-inglesgnt-capa-dura-ovelha","status":"publish","type":"product","link":"https:\/\/www.livrariarema.com.br\/loja\/produtos\/biblias\/outros-idiomas\/ntlh-gnt63-biblia-bilingue-portuguesntlh-inglesgnt-capa-dura-ovelha\/","title":{"rendered":"Ntlh\/Gnt63 &#8211; B\u00edblia Bil\u00edngue &#8211; Portugu\u00eas(Ntlh) &#8211; Ingl\u00eas(Gnt) &#8211; Capa Dura &#8211; Ovelha"},"content":{"rendered":"<p>Esta \u00e9 uma edi\u00e7\u00e3o bil\u00edngue da B\u00edblia Sagrada, apresentando lado a lado as tradu\u00e7\u00f5es Good News Translation (GNT) em ingl\u00eas e a Nova Tradu\u00e7\u00e3o na Linguagem de Hoje (NTLH) em portugu\u00eas.<\/p>\n","protected":false},"excerpt":{"rendered":"<p>Esta \u00e9 uma edi\u00e7\u00e3o bil\u00edngue da B\u00edblia Sagrada, apresentando lado a lado as tradu\u00e7\u00f5es Good News Translation (GNT) em ingl\u00eas&hellip;<\/p>\n","protected":false},"featured_media":337109,"comment_status":"open","ping_status":"closed","template":"","meta":[],"product_cat":[139,141],"product_tag":[],"_links":{"self":[{"href":"https:\/\/www.livrariarema.com.br\/loja\/wp-json\/wp\/v2\/product\/310029"}],"collection":[{"href":"https:\/\/www.livrariarema.com.br\/loja\/wp-json\/wp\/v2\/product"}],"about":[{"href":"https:\/\/www.livrariarema.com.br\/loja\/wp-json\/wp\/v2\/types\/product"}],"replies":[{"embeddable":true,"href":"https:\/\/www.livrariarema.com.br\/loja\/wp-json\/wp\/v2\/comments?post=310029"}],"wp:featuredmedia":[{"embeddable":true,"href":"https:\/\/www.livrariarema.com.br\/loja\/wp-json\/wp\/v2\/media\/337109"}],"wp:attachment":[{"href":"https:\/\/www.livrariarema.com.br\/loja\/wp-json\/wp\/v2\/media?parent=310029"}],"wp:term":[{"taxonomy":"product_cat","embeddable":true,"href":"https:\/\/www.livrariarema.com.br\/loja\/wp-json\/wp\/v2\/product_cat?post=310029"},{"taxonomy":"product_tag","embeddable":true,"href":"https:\/\/www.livrariarema.com.br\/loja\/wp-json\/wp\/v2\/product_tag?post=310029"}],"curies":[{"name":"wp","href":"https:\/\/api.w.org\/{rel}","templated":true}]}}