{"id":310117,"date":"2024-08-07T13:41:40","date_gmt":"2024-08-07T16:41:40","guid":{"rendered":"https:\/\/www.livrariarema.com.br\/loja\/produtos\/sem categoria\/ntlh065tilgi-biblia-letra-gigante-com-indice-pink-2\/"},"modified":"2026-04-27T13:50:27","modified_gmt":"2026-04-27T16:50:27","slug":"ntlh065tilgi-biblia-letra-gigante-com-indice-pink-2","status":"publish","type":"product","link":"https:\/\/www.livrariarema.com.br\/loja\/produtos\/biblias\/ntlh\/ntlh065tilgi-biblia-letra-gigante-com-indice-pink-2\/","title":{"rendered":"Ntlh065tilgi &#8211; B\u00edblia Letra Gigante &#8211; Com \u00cdndice &#8211; Pink 2"},"content":{"rendered":"<p>Essa edi\u00e7\u00e3o da B\u00edblia Sagrada possui letra gigante o que a torna ideal para a leitura di\u00e1ria e para a compreens\u00e3o da Palavra de Deus.<\/p>\n","protected":false},"excerpt":{"rendered":"<p>Essa edi\u00e7\u00e3o da B\u00edblia Sagrada possui letra gigante o que a torna ideal para a leitura di\u00e1ria e para a&hellip;<\/p>\n","protected":false},"featured_media":338523,"comment_status":"open","ping_status":"closed","template":"","meta":[],"product_cat":[139,188],"product_tag":[],"_links":{"self":[{"href":"https:\/\/www.livrariarema.com.br\/loja\/wp-json\/wp\/v2\/product\/310117"}],"collection":[{"href":"https:\/\/www.livrariarema.com.br\/loja\/wp-json\/wp\/v2\/product"}],"about":[{"href":"https:\/\/www.livrariarema.com.br\/loja\/wp-json\/wp\/v2\/types\/product"}],"replies":[{"embeddable":true,"href":"https:\/\/www.livrariarema.com.br\/loja\/wp-json\/wp\/v2\/comments?post=310117"}],"wp:featuredmedia":[{"embeddable":true,"href":"https:\/\/www.livrariarema.com.br\/loja\/wp-json\/wp\/v2\/media\/338523"}],"wp:attachment":[{"href":"https:\/\/www.livrariarema.com.br\/loja\/wp-json\/wp\/v2\/media?parent=310117"}],"wp:term":[{"taxonomy":"product_cat","embeddable":true,"href":"https:\/\/www.livrariarema.com.br\/loja\/wp-json\/wp\/v2\/product_cat?post=310117"},{"taxonomy":"product_tag","embeddable":true,"href":"https:\/\/www.livrariarema.com.br\/loja\/wp-json\/wp\/v2\/product_tag?post=310117"}],"curies":[{"name":"wp","href":"https:\/\/api.w.org\/{rel}","templated":true}]}}