{"id":310119,"date":"2024-08-07T13:41:47","date_gmt":"2024-08-07T16:41:47","guid":{"rendered":"https:\/\/www.livrariarema.com.br\/loja\/produtos\/sem categoria\/ntlh065tilgi-biblia-letra-gigante-com-indice-rosa-claro\/"},"modified":"2026-01-06T18:00:37","modified_gmt":"2026-01-06T21:00:37","slug":"ntlh065tilgi-biblia-letra-gigante-com-indice-rosa-claro","status":"publish","type":"product","link":"https:\/\/www.livrariarema.com.br\/loja\/produtos\/biblias\/ntlh\/ntlh065tilgi-biblia-letra-gigante-com-indice-rosa-claro\/","title":{"rendered":"Ntlh065tilgi &#8211; B\u00edblia Letra Gigante &#8211; Com \u00cdndice &#8211; Rosa Claro"},"content":{"rendered":"<p>Essa edi\u00e7\u00e3o da B\u00edblia Sagrada possui letra gigante o que a torna ideal para a leitura di\u00e1ria e para a compreens\u00e3o da Palavra de Deus.<\/p>\n","protected":false},"excerpt":{"rendered":"<p>Essa edi\u00e7\u00e3o da B\u00edblia Sagrada possui letra gigante o que a torna ideal para a leitura di\u00e1ria e para a&hellip;<\/p>\n","protected":false},"featured_media":338524,"comment_status":"open","ping_status":"closed","template":"","meta":[],"product_cat":[139,188],"product_tag":[],"_links":{"self":[{"href":"https:\/\/www.livrariarema.com.br\/loja\/wp-json\/wp\/v2\/product\/310119"}],"collection":[{"href":"https:\/\/www.livrariarema.com.br\/loja\/wp-json\/wp\/v2\/product"}],"about":[{"href":"https:\/\/www.livrariarema.com.br\/loja\/wp-json\/wp\/v2\/types\/product"}],"replies":[{"embeddable":true,"href":"https:\/\/www.livrariarema.com.br\/loja\/wp-json\/wp\/v2\/comments?post=310119"}],"wp:featuredmedia":[{"embeddable":true,"href":"https:\/\/www.livrariarema.com.br\/loja\/wp-json\/wp\/v2\/media\/338524"}],"wp:attachment":[{"href":"https:\/\/www.livrariarema.com.br\/loja\/wp-json\/wp\/v2\/media?parent=310119"}],"wp:term":[{"taxonomy":"product_cat","embeddable":true,"href":"https:\/\/www.livrariarema.com.br\/loja\/wp-json\/wp\/v2\/product_cat?post=310119"},{"taxonomy":"product_tag","embeddable":true,"href":"https:\/\/www.livrariarema.com.br\/loja\/wp-json\/wp\/v2\/product_tag?post=310119"}],"curies":[{"name":"wp","href":"https:\/\/api.w.org\/{rel}","templated":true}]}}