{"id":310121,"date":"2024-08-07T13:41:54","date_gmt":"2024-08-07T16:41:54","guid":{"rendered":"https:\/\/www.livrariarema.com.br\/loja\/produtos\/sem categoria\/ntlh067tilgiw-biblia-letra-gigante-com-indice-branca\/"},"modified":"2026-04-29T13:54:17","modified_gmt":"2026-04-29T16:54:17","slug":"ntlh067tilgiw-biblia-letra-gigante-com-indice-branca","status":"publish","type":"product","link":"https:\/\/www.livrariarema.com.br\/loja\/produtos\/biblias\/ntlh\/ntlh067tilgiw-biblia-letra-gigante-com-indice-branca\/","title":{"rendered":"Ntlh067tilgiw &#8211; B\u00edblia Letra Gigante &#8211; Com \u00cdndice &#8211; Branca"},"content":{"rendered":"<p>Essa edi\u00e7\u00e3o da B\u00edblia Sagrada possui letra gigante o que a torna ideal para a leitura di\u00e1ria e para a compreens\u00e3o da Palavra de Deus.<\/p>\n","protected":false},"excerpt":{"rendered":"<p>Essa edi\u00e7\u00e3o da B\u00edblia Sagrada possui letra gigante o que a torna ideal para a leitura di\u00e1ria e para a&hellip;<\/p>\n","protected":false},"featured_media":347582,"comment_status":"open","ping_status":"closed","template":"","meta":[],"product_cat":[139,188],"product_tag":[],"_links":{"self":[{"href":"https:\/\/www.livrariarema.com.br\/loja\/wp-json\/wp\/v2\/product\/310121"}],"collection":[{"href":"https:\/\/www.livrariarema.com.br\/loja\/wp-json\/wp\/v2\/product"}],"about":[{"href":"https:\/\/www.livrariarema.com.br\/loja\/wp-json\/wp\/v2\/types\/product"}],"replies":[{"embeddable":true,"href":"https:\/\/www.livrariarema.com.br\/loja\/wp-json\/wp\/v2\/comments?post=310121"}],"wp:featuredmedia":[{"embeddable":true,"href":"https:\/\/www.livrariarema.com.br\/loja\/wp-json\/wp\/v2\/media\/347582"}],"wp:attachment":[{"href":"https:\/\/www.livrariarema.com.br\/loja\/wp-json\/wp\/v2\/media?parent=310121"}],"wp:term":[{"taxonomy":"product_cat","embeddable":true,"href":"https:\/\/www.livrariarema.com.br\/loja\/wp-json\/wp\/v2\/product_cat?post=310121"},{"taxonomy":"product_tag","embeddable":true,"href":"https:\/\/www.livrariarema.com.br\/loja\/wp-json\/wp\/v2\/product_tag?post=310121"}],"curies":[{"name":"wp","href":"https:\/\/api.w.org\/{rel}","templated":true}]}}