{"id":310374,"date":"2024-08-09T10:34:42","date_gmt":"2024-08-09T13:34:42","guid":{"rendered":"https:\/\/www.livrariarema.com.br\/loja\/produtos\/sem categoria\/segredos-do-templo-de-salomao-os-kevin-j-conner\/"},"modified":"2025-12-15T15:50:35","modified_gmt":"2025-12-15T18:50:35","slug":"segredos-do-templo-de-salomao-os-kevin-j-conner","status":"publish","type":"product","link":"https:\/\/www.livrariarema.com.br\/loja\/produtos\/livros\/estudo-biblico\/segredos-do-templo-de-salomao-os-kevin-j-conner\/","title":{"rendered":"Segredos Do Templo De Salom\u00e3o, Os &#8211; Kevin J. Conner"},"content":{"rendered":"<p>Os Segredos do Templo de Salom\u00e3o \u00e9 o terceiro livro da s\u00e9rie Segredos B\u00edblicos da Editora Atos. P\u00e1gina por p\u00e1gina voc\u00ea saber\u00e1 como os antigos hebreus adoravam a Deus em esplendor e gl\u00f3ria. Poder\u00e1 descobrir a ordem da adora\u00e7\u00e3o no Templo de Salom\u00e3o e examinar as diferen\u00e7as que os separam dos Tabern\u00e1culos de Mois\u00e9s e Davi.<\/p>\n<p>Nesta abrangente obra sobre a \u00e9poca do rei Salom\u00e3o, Kevin J. Conner nos oferece uma vis\u00e3o cronol\u00f3gica do Templo, desde o esbo\u00e7o inicial at\u00e9 a sua conclus\u00e3o. Revela\u00e7\u00f5es ser\u00e3o feitas sobre os sacrif\u00edcios oferecidos no Templo e o uso e o simbolismo de cada pe\u00e7a nele inclu\u00edda. Al\u00e9m disso, um magn\u00edfico quadro do plano de Reden\u00e7\u00e3o \u00e9 apresentado tendo como base essa imponente edifica\u00e7\u00e3o do mundo antigo.<\/p>\n<p>Professor ou estudioso, n\u00e3o importa. Os Segredos do Templo de Salom\u00e3o \u00e9 para quem deseja adquirir na Palavra ainda mais instrumentos para estar cada vez mais pr\u00f3ximo do que o Pai espera de n\u00f3s.<\/p>\n","protected":false},"excerpt":{"rendered":"<p>Os Segredos do Templo de Salom\u00e3o \u00e9 o terceiro livro da s\u00e9rie Segredos B\u00edblicos da Editora Atos. P\u00e1gina por p\u00e1gina&hellip;<\/p>\n","protected":false},"featured_media":336315,"comment_status":"open","ping_status":"closed","template":"","meta":[],"product_cat":[161,134],"product_tag":[],"_links":{"self":[{"href":"https:\/\/www.livrariarema.com.br\/loja\/wp-json\/wp\/v2\/product\/310374"}],"collection":[{"href":"https:\/\/www.livrariarema.com.br\/loja\/wp-json\/wp\/v2\/product"}],"about":[{"href":"https:\/\/www.livrariarema.com.br\/loja\/wp-json\/wp\/v2\/types\/product"}],"replies":[{"embeddable":true,"href":"https:\/\/www.livrariarema.com.br\/loja\/wp-json\/wp\/v2\/comments?post=310374"}],"wp:featuredmedia":[{"embeddable":true,"href":"https:\/\/www.livrariarema.com.br\/loja\/wp-json\/wp\/v2\/media\/336315"}],"wp:attachment":[{"href":"https:\/\/www.livrariarema.com.br\/loja\/wp-json\/wp\/v2\/media?parent=310374"}],"wp:term":[{"taxonomy":"product_cat","embeddable":true,"href":"https:\/\/www.livrariarema.com.br\/loja\/wp-json\/wp\/v2\/product_cat?post=310374"},{"taxonomy":"product_tag","embeddable":true,"href":"https:\/\/www.livrariarema.com.br\/loja\/wp-json\/wp\/v2\/product_tag?post=310374"}],"curies":[{"name":"wp","href":"https:\/\/api.w.org\/{rel}","templated":true}]}}