{"id":310653,"date":"2024-08-12T09:57:03","date_gmt":"2024-08-12T12:57:03","guid":{"rendered":"https:\/\/www.livrariarema.com.br\/loja\/produtos\/sem categoria\/massa-de-modelar-tris-super-soft-12-cores\/"},"modified":"2026-02-19T10:55:59","modified_gmt":"2026-02-19T13:55:59","slug":"massa-de-modelar-tris-super-soft-12-cores","status":"publish","type":"product","link":"https:\/\/www.livrariarema.com.br\/loja\/produtos\/papelaria\/massa-de-modelar\/massa-de-modelar-tris-super-soft-12-cores\/","title":{"rendered":"Massa De Modelar &#8211; Tris &#8211; Super Soft &#8211; 12 Cores"},"content":{"rendered":"<p>Nossa massinha \u00e9 Super Soft! \u00c0 base de amido: N\u00e3o t\u00f3xica. \u00c9 ultra macia, n\u00e3o gruda nas m\u00e3os e possui cores lindas!<\/p>\n","protected":false},"excerpt":{"rendered":"<p>Nossa massinha \u00e9 Super Soft! \u00c0 base de amido: N\u00e3o t\u00f3xica. \u00c9 ultra macia, n\u00e3o gruda nas m\u00e3os e possui&hellip;<\/p>\n","protected":false},"featured_media":335206,"comment_status":"open","ping_status":"closed","template":"","meta":[],"product_cat":[287,215],"product_tag":[],"_links":{"self":[{"href":"https:\/\/www.livrariarema.com.br\/loja\/wp-json\/wp\/v2\/product\/310653"}],"collection":[{"href":"https:\/\/www.livrariarema.com.br\/loja\/wp-json\/wp\/v2\/product"}],"about":[{"href":"https:\/\/www.livrariarema.com.br\/loja\/wp-json\/wp\/v2\/types\/product"}],"replies":[{"embeddable":true,"href":"https:\/\/www.livrariarema.com.br\/loja\/wp-json\/wp\/v2\/comments?post=310653"}],"wp:featuredmedia":[{"embeddable":true,"href":"https:\/\/www.livrariarema.com.br\/loja\/wp-json\/wp\/v2\/media\/335206"}],"wp:attachment":[{"href":"https:\/\/www.livrariarema.com.br\/loja\/wp-json\/wp\/v2\/media?parent=310653"}],"wp:term":[{"taxonomy":"product_cat","embeddable":true,"href":"https:\/\/www.livrariarema.com.br\/loja\/wp-json\/wp\/v2\/product_cat?post=310653"},{"taxonomy":"product_tag","embeddable":true,"href":"https:\/\/www.livrariarema.com.br\/loja\/wp-json\/wp\/v2\/product_tag?post=310653"}],"curies":[{"name":"wp","href":"https:\/\/api.w.org\/{rel}","templated":true}]}}