{"id":310725,"date":"2024-08-12T10:04:34","date_gmt":"2024-08-12T13:04:34","guid":{"rendered":"https:\/\/www.livrariarema.com.br\/loja\/produtos\/sem%20categoria\/apontador-com-deposito-tris-astro\/"},"modified":"2025-03-26T14:40:17","modified_gmt":"2025-03-26T17:40:17","slug":"apontador-com-deposito-tris-astro","status":"publish","type":"product","link":"https:\/\/www.livrariarema.com.br\/loja\/produtos\/papelaria\/apontador\/apontador-com-deposito-tris-astro\/","title":{"rendered":"Apontador &#8211; Tris &#8211; Astro"},"content":{"rendered":"<p>Explore um universo de imagina\u00e7\u00e3o com os produtos tem\u00e1ticos Astro. O apontador Astro tem formato divertido de astronauta. Fica em p\u00e9 na mesa e possui corpo emborrachado, deixando seu momento de estudos ainda mais especial. Vem embalado individualmente.<\/p>\n<p>Registro Inmetro 002098\/2016<\/p>\n","protected":false},"excerpt":{"rendered":"<p>Explore um universo de imagina\u00e7\u00e3o com os produtos tem\u00e1ticos Astro. O apontador Astro tem formato divertido de astronauta. Fica em&hellip;<\/p>\n","protected":false},"featured_media":317127,"comment_status":"open","ping_status":"closed","template":"","meta":[],"product_cat":[283,215],"product_tag":[],"_links":{"self":[{"href":"https:\/\/www.livrariarema.com.br\/loja\/wp-json\/wp\/v2\/product\/310725"}],"collection":[{"href":"https:\/\/www.livrariarema.com.br\/loja\/wp-json\/wp\/v2\/product"}],"about":[{"href":"https:\/\/www.livrariarema.com.br\/loja\/wp-json\/wp\/v2\/types\/product"}],"replies":[{"embeddable":true,"href":"https:\/\/www.livrariarema.com.br\/loja\/wp-json\/wp\/v2\/comments?post=310725"}],"wp:featuredmedia":[{"embeddable":true,"href":"https:\/\/www.livrariarema.com.br\/loja\/wp-json\/wp\/v2\/media\/317127"}],"wp:attachment":[{"href":"https:\/\/www.livrariarema.com.br\/loja\/wp-json\/wp\/v2\/media?parent=310725"}],"wp:term":[{"taxonomy":"product_cat","embeddable":true,"href":"https:\/\/www.livrariarema.com.br\/loja\/wp-json\/wp\/v2\/product_cat?post=310725"},{"taxonomy":"product_tag","embeddable":true,"href":"https:\/\/www.livrariarema.com.br\/loja\/wp-json\/wp\/v2\/product_tag?post=310725"}],"curies":[{"name":"wp","href":"https:\/\/api.w.org\/{rel}","templated":true}]}}