{"id":310913,"date":"2024-08-12T15:22:38","date_gmt":"2024-08-12T18:22:38","guid":{"rendered":"https:\/\/www.livrariarema.com.br\/loja\/produtos\/sem categoria\/criancas-descobrem-a-biblia-as-descobrindo-a-palavra-de-deus-no-inicio-da-vida\/"},"modified":"2026-03-06T09:40:47","modified_gmt":"2026-03-06T12:40:47","slug":"criancas-descobrem-a-biblia-as-descobrindo-a-palavra-de-deus-no-inicio-da-vida","status":"publish","type":"product","link":"https:\/\/www.livrariarema.com.br\/loja\/produtos\/livros\/infantil-biblia\/criancas-descobrem-a-biblia-as-descobrindo-a-palavra-de-deus-no-inicio-da-vida\/","title":{"rendered":"Crian\u00e7as Descobrem A B\u00edblia, As &#8211; Descobrindo A Palavra De Deus No In\u00edcio Da Vida"},"content":{"rendered":"<p>As Crian\u00e7as Descobrem a B\u00edblia \u00e9 uma encantadora novidade na apresenta\u00e7\u00e3o da Palavra de Deus aos mais jovens. O texto \u00e9 simples e foi especialmente desenvolvido por educadores crist\u00e3os com d\u00e9cadas de experi\u00eancia no ensino b\u00edblico infantil. Cada palavra foi cuidadosamente escolhida para comunicar, ao mesmo tempo, a hist\u00f3ria b\u00edblica e o valor crist\u00e3o que transmite. E cada hist\u00f3ria \u00e9 seguida de um vers\u00edculo simples para memoriza\u00e7\u00e3o, selecionado com o intuito de implantar a Palavra de Deus no cora\u00e7\u00e3o das crian\u00e7as.<\/p>\n<p>Al\u00e9m disso, esta obra tem o orgulho de introduzir ilustra\u00e7\u00f5es ao estilo que se tornou popular nos atuais filmes de anima\u00e7\u00e3o, com o objetivo de cativar os jovens leitores. A crian\u00e7a vira p\u00e1gina ap\u00f3s p\u00e1gina, antecipando cada hist\u00f3ria b\u00edblica! A arte-final de anima\u00e7\u00e3o est\u00e1tica estilizada torna a B\u00edblia divertida para as crian\u00e7as de hoje, lhes falando diretamente e fazendo com que a B\u00edblia ganhe vida em seus cora\u00e7\u00f5es.<\/p>\n","protected":false},"excerpt":{"rendered":"<p>As Crian\u00e7as Descobrem a B\u00edblia \u00e9 uma encantadora novidade na apresenta\u00e7\u00e3o da Palavra de Deus aos mais jovens. O texto&hellip;<\/p>\n","protected":false},"featured_media":329454,"comment_status":"open","ping_status":"closed","template":"","meta":[],"product_cat":[165,134],"product_tag":[],"_links":{"self":[{"href":"https:\/\/www.livrariarema.com.br\/loja\/wp-json\/wp\/v2\/product\/310913"}],"collection":[{"href":"https:\/\/www.livrariarema.com.br\/loja\/wp-json\/wp\/v2\/product"}],"about":[{"href":"https:\/\/www.livrariarema.com.br\/loja\/wp-json\/wp\/v2\/types\/product"}],"replies":[{"embeddable":true,"href":"https:\/\/www.livrariarema.com.br\/loja\/wp-json\/wp\/v2\/comments?post=310913"}],"wp:featuredmedia":[{"embeddable":true,"href":"https:\/\/www.livrariarema.com.br\/loja\/wp-json\/wp\/v2\/media\/329454"}],"wp:attachment":[{"href":"https:\/\/www.livrariarema.com.br\/loja\/wp-json\/wp\/v2\/media?parent=310913"}],"wp:term":[{"taxonomy":"product_cat","embeddable":true,"href":"https:\/\/www.livrariarema.com.br\/loja\/wp-json\/wp\/v2\/product_cat?post=310913"},{"taxonomy":"product_tag","embeddable":true,"href":"https:\/\/www.livrariarema.com.br\/loja\/wp-json\/wp\/v2\/product_tag?post=310913"}],"curies":[{"name":"wp","href":"https:\/\/api.w.org\/{rel}","templated":true}]}}