{"id":310917,"date":"2024-08-12T15:22:53","date_gmt":"2024-08-12T18:22:53","guid":{"rendered":"https:\/\/www.livrariarema.com.br\/loja\/produtos\/sem categoria\/arc085bepc-biblia-de-estudo-palavras-chave-preta\/"},"modified":"2025-09-04T16:20:59","modified_gmt":"2025-09-04T19:20:59","slug":"arc085bepc-biblia-de-estudo-palavras-chave-preta","status":"publish","type":"product","link":"https:\/\/www.livrariarema.com.br\/loja\/produtos\/biblias\/estudo\/arc085bepc-biblia-de-estudo-palavras-chave-preta\/","title":{"rendered":"Arc085bepc &#8211; B\u00edblia De Estudo Palavras-Chave &#8211; Preta"},"content":{"rendered":"<p>H\u00e1 momentos em que uma palavra hebraica ou grega tem um significado t\u00e3o distinto que a tradu\u00e7\u00e3o em l\u00edngua portuguesa n\u00e3o capta toda for\u00e7a do idioma original do texto b\u00edblico.<br \/>\nPara auxiliar aqueles que militam na dif\u00edcil tarefa do estudo e interpreta\u00e7\u00e3o do texto b\u00edblico, a CPAD publicou uma ferramenta \u00fanica em suas caracter\u00edsticas: a B\u00edblia de Estudo Palavras-Chave.<\/p>\n<p>Ela oferece as mais variadas ferramentas exeg\u00e9ticas, l\u00e9xicas e gramaticais a fim de que o leitor possa interpretar corretamente o texto b\u00edblico, identificando as palavras-chave da l\u00edngua original e apresenta de forma clara e precisa explana\u00e7\u00f5es sobre seus significados e uso.<br \/>\nNeste exemplar das Sagradas Escrituras voc\u00ea encontra:<\/p>\n<p>1) Dicion\u00e1rio de Strong Hebraico e Grego;<br \/>\n2) Coment\u00e1rio exeg\u00e9ticos adicionais ao Dicion\u00e1rio de Strong;<br \/>\n3) Aux\u00edlios l\u00e9xicos e gramaticais das palavras do AT e NT com c\u00f3digos das palavras-chaves no texto b\u00edblico, remetendo ao texto original e a concord\u00e2ncia de Strong;<br \/>\n4) Notas do texto b\u00edblico;<br \/>\n5) Nova Edi\u00e7\u00e3o Almeida Revista e Corrigida 2009;<br \/>\n6) Introdu\u00e7\u00e3o a cada livro da B\u00edblia.<\/p>\n","protected":false},"excerpt":{"rendered":"<p>H\u00e1 momentos em que uma palavra hebraica ou grega tem um significado t\u00e3o distinto que a tradu\u00e7\u00e3o em l\u00edngua portuguesa&hellip;<\/p>\n","protected":false},"featured_media":335427,"comment_status":"open","ping_status":"closed","template":"","meta":[],"product_cat":[139,140],"product_tag":[],"_links":{"self":[{"href":"https:\/\/www.livrariarema.com.br\/loja\/wp-json\/wp\/v2\/product\/310917"}],"collection":[{"href":"https:\/\/www.livrariarema.com.br\/loja\/wp-json\/wp\/v2\/product"}],"about":[{"href":"https:\/\/www.livrariarema.com.br\/loja\/wp-json\/wp\/v2\/types\/product"}],"replies":[{"embeddable":true,"href":"https:\/\/www.livrariarema.com.br\/loja\/wp-json\/wp\/v2\/comments?post=310917"}],"wp:featuredmedia":[{"embeddable":true,"href":"https:\/\/www.livrariarema.com.br\/loja\/wp-json\/wp\/v2\/media\/335427"}],"wp:attachment":[{"href":"https:\/\/www.livrariarema.com.br\/loja\/wp-json\/wp\/v2\/media?parent=310917"}],"wp:term":[{"taxonomy":"product_cat","embeddable":true,"href":"https:\/\/www.livrariarema.com.br\/loja\/wp-json\/wp\/v2\/product_cat?post=310917"},{"taxonomy":"product_tag","embeddable":true,"href":"https:\/\/www.livrariarema.com.br\/loja\/wp-json\/wp\/v2\/product_tag?post=310917"}],"curies":[{"name":"wp","href":"https:\/\/api.w.org\/{rel}","templated":true}]}}