{"id":310927,"date":"2024-08-12T15:23:38","date_gmt":"2024-08-12T18:23:38","guid":{"rendered":"https:\/\/www.livrariarema.com.br\/loja\/produtos\/sem categoria\/arc065hlgilv-biblia-com-harpa-letra-gigante-vinho\/"},"modified":"2026-01-28T15:38:33","modified_gmt":"2026-01-28T18:38:33","slug":"arc065hlgilv-biblia-com-harpa-letra-gigante-vinho","status":"publish","type":"product","link":"https:\/\/www.livrariarema.com.br\/loja\/produtos\/biblias\/revista-corrigida-com-harpa\/arc065hlgilv-biblia-com-harpa-letra-gigante-vinho\/","title":{"rendered":"Arc065hlgilv &#8211; B\u00edblia Com Harpa &#8211; Letra Gigante &#8211; Vinho"},"content":{"rendered":"<p>Esta B\u00edblia possui visual agrad\u00e1vel, de f\u00e1cil leitura, LETRA GIGANTE, borda dourada, com as palavras de Jesus em vermelho, com a letra dos 636 hinos da Harpa Crist\u00e3. Vem tamb\u00e9m com mapas, se\u00e7\u00e3o de aux\u00edlios, notas e refer\u00eancias. Perfeita para sua medita\u00e7\u00e3o na Palavra de Deus e tamb\u00e9m, um \u00f3timo presente para amigos e familiares.<\/p>\n<p>Nela voc\u00ea encontra:<br \/>\n&#8211; \u00cdndice das Primeiras Linhas das Estrofes<br \/>\n&#8211; \u00cdndice das Primeiras Linhasdos Estribilhos<br \/>\n&#8211; \u00cdndice dos Assuntos<br \/>\n&#8211; Tabela de pesos, moedas e medidas;<br \/>\n&#8211; Mapas<br \/>\n&#8211; Harpa Crist\u00e3<br \/>\n&#8211; Como encontrar ajuda na B\u00edblia;<\/p>\n","protected":false},"excerpt":{"rendered":"<p>Esta B\u00edblia possui visual agrad\u00e1vel, de f\u00e1cil leitura, LETRA GIGANTE, borda dourada, com as palavras de Jesus em vermelho, com&hellip;<\/p>\n","protected":false},"featured_media":329468,"comment_status":"open","ping_status":"closed","template":"","meta":[],"product_cat":[139,151],"product_tag":[],"_links":{"self":[{"href":"https:\/\/www.livrariarema.com.br\/loja\/wp-json\/wp\/v2\/product\/310927"}],"collection":[{"href":"https:\/\/www.livrariarema.com.br\/loja\/wp-json\/wp\/v2\/product"}],"about":[{"href":"https:\/\/www.livrariarema.com.br\/loja\/wp-json\/wp\/v2\/types\/product"}],"replies":[{"embeddable":true,"href":"https:\/\/www.livrariarema.com.br\/loja\/wp-json\/wp\/v2\/comments?post=310927"}],"wp:featuredmedia":[{"embeddable":true,"href":"https:\/\/www.livrariarema.com.br\/loja\/wp-json\/wp\/v2\/media\/329468"}],"wp:attachment":[{"href":"https:\/\/www.livrariarema.com.br\/loja\/wp-json\/wp\/v2\/media?parent=310927"}],"wp:term":[{"taxonomy":"product_cat","embeddable":true,"href":"https:\/\/www.livrariarema.com.br\/loja\/wp-json\/wp\/v2\/product_cat?post=310927"},{"taxonomy":"product_tag","embeddable":true,"href":"https:\/\/www.livrariarema.com.br\/loja\/wp-json\/wp\/v2\/product_tag?post=310927"}],"curies":[{"name":"wp","href":"https:\/\/api.w.org\/{rel}","templated":true}]}}