{"id":310933,"date":"2024-08-12T15:24:02","date_gmt":"2024-08-12T18:24:02","guid":{"rendered":"https:\/\/www.livrariarema.com.br\/loja\/produtos\/sem%20categoria\/cartas-de-paulo-para-a-garotada-marta-doreto-de-andrade\/"},"modified":"2025-11-27T11:20:47","modified_gmt":"2025-11-27T14:20:47","slug":"cartas-de-paulo-para-a-garotada-marta-doreto-de-andrade","status":"publish","type":"product","link":"https:\/\/www.livrariarema.com.br\/loja\/produtos\/livros\/infantil\/cartas-de-paulo-para-a-garotada-marta-doreto-de-andrade\/","title":{"rendered":"Cartas De Paulo Para A Garotada &#8211; Marta Doreto De Andrade"},"content":{"rendered":"<p>Alguma vez j\u00e1 leu um texto de Paulo sem compreender muita coisa? &#8220;Circuncis\u00e3o do cora\u00e7\u00e3o&#8221;; &#8220;nenhuma carne ser\u00e1 justificada&#8221;; &#8220;gentios na carne&#8221; etc. Voc\u00ea entendia estas express\u00f5es quando tinha 7, ou mesmo 12 anos? Assim surgiu &#8220;Cartas de Paulo Para a Garotada&#8221;, uma vers\u00e3o das Ep\u00edstolas Paulinas, feita especialmente para as crian\u00e7as.<\/p>\n","protected":false},"excerpt":{"rendered":"<p>Alguma vez j\u00e1 leu um texto de Paulo sem compreender muita coisa? &#8220;Circuncis\u00e3o do cora\u00e7\u00e3o&#8221;; &#8220;nenhuma carne ser\u00e1 justificada&#8221;; &#8220;gentios&hellip;<\/p>\n","protected":false},"featured_media":317696,"comment_status":"open","ping_status":"closed","template":"","meta":[],"product_cat":[144,134],"product_tag":[],"_links":{"self":[{"href":"https:\/\/www.livrariarema.com.br\/loja\/wp-json\/wp\/v2\/product\/310933"}],"collection":[{"href":"https:\/\/www.livrariarema.com.br\/loja\/wp-json\/wp\/v2\/product"}],"about":[{"href":"https:\/\/www.livrariarema.com.br\/loja\/wp-json\/wp\/v2\/types\/product"}],"replies":[{"embeddable":true,"href":"https:\/\/www.livrariarema.com.br\/loja\/wp-json\/wp\/v2\/comments?post=310933"}],"wp:featuredmedia":[{"embeddable":true,"href":"https:\/\/www.livrariarema.com.br\/loja\/wp-json\/wp\/v2\/media\/317696"}],"wp:attachment":[{"href":"https:\/\/www.livrariarema.com.br\/loja\/wp-json\/wp\/v2\/media?parent=310933"}],"wp:term":[{"taxonomy":"product_cat","embeddable":true,"href":"https:\/\/www.livrariarema.com.br\/loja\/wp-json\/wp\/v2\/product_cat?post=310933"},{"taxonomy":"product_tag","embeddable":true,"href":"https:\/\/www.livrariarema.com.br\/loja\/wp-json\/wp\/v2\/product_tag?post=310933"}],"curies":[{"name":"wp","href":"https:\/\/api.w.org\/{rel}","templated":true}]}}