{"id":310948,"date":"2024-08-12T15:25:14","date_gmt":"2024-08-12T18:25:14","guid":{"rendered":"https:\/\/www.livrariarema.com.br\/loja\/produtos\/sem%20categoria\/biblia-de-aplicacao-pessoal-para-meninas-nvt\/"},"modified":"2026-03-11T13:30:42","modified_gmt":"2026-03-11T16:30:42","slug":"biblia-de-aplicacao-pessoal-para-meninas-nvt","status":"publish","type":"product","link":"https:\/\/www.livrariarema.com.br\/loja\/produtos\/biblias\/estudo-feminina\/biblia-de-aplicacao-pessoal-para-meninas-nvt\/","title":{"rendered":"B\u00edblia De Aplica\u00e7\u00e3o Pessoal Para Meninas &#8211; Nvt"},"content":{"rendered":"<p>Esta nova e divertida B\u00edblia, desenvolvida para a garotada entre 8 e 12 anos de idade, apresenta a Palavra de Deus de um modo significativo que os ajudar\u00e1 a fortalecer sua f\u00e9.<br \/>\nVoc\u00ea encontrar\u00e1 oito encartes coloridos da se\u00e7\u00e3o Fundamentos para sua f\u00e9 que ajudar\u00e1 a compreender mais sobre a B\u00edblia, conhecer a Jesus, saber o que significa segui-lo. Entre esses recursos h\u00e1 perfis dos homens da B\u00edblia, dilemas baseados em hist\u00f3rias de vidas reais (&#8220;Como eu deveria responder nessa situa\u00e7\u00e3o?&#8221;), respostas para quest\u00f5es dif\u00edceis do dia e &#8211; no lado mais leve &#8211; relatos de hist\u00f3rias complicadas que aconteceram a meninos nessa idade.<br \/>\nAlguns Recursos:<br \/>\nOs livros da B\u00edblia<br \/>\nIntrodu\u00e7\u00e3o \u00e0 Nova Vers\u00e3o Transformadora<br \/>\nPlano de leitura das hist\u00f3rias mais extraordin\u00e1rias<br \/>\nEu sobrevivi<br \/>\nTem problema?<br \/>\nEm destaque<br \/>\nE agora?<br \/>\nQuadros e mapas<br \/>\nNotas de Aplica\u00e7\u00e3o pessoal<br \/>\nLi\u00e7\u00f5es de vida<br \/>\nFundamentos para sua F\u00e9<\/p>\n","protected":false},"excerpt":{"rendered":"<p>Esta nova e divertida B\u00edblia, desenvolvida para a garotada entre 8 e 12 anos de idade, apresenta a Palavra de&hellip;<\/p>\n","protected":false},"featured_media":345575,"comment_status":"open","ping_status":"closed","template":"","meta":[],"product_cat":[139,175],"product_tag":[],"_links":{"self":[{"href":"https:\/\/www.livrariarema.com.br\/loja\/wp-json\/wp\/v2\/product\/310948"}],"collection":[{"href":"https:\/\/www.livrariarema.com.br\/loja\/wp-json\/wp\/v2\/product"}],"about":[{"href":"https:\/\/www.livrariarema.com.br\/loja\/wp-json\/wp\/v2\/types\/product"}],"replies":[{"embeddable":true,"href":"https:\/\/www.livrariarema.com.br\/loja\/wp-json\/wp\/v2\/comments?post=310948"}],"wp:featuredmedia":[{"embeddable":true,"href":"https:\/\/www.livrariarema.com.br\/loja\/wp-json\/wp\/v2\/media\/345575"}],"wp:attachment":[{"href":"https:\/\/www.livrariarema.com.br\/loja\/wp-json\/wp\/v2\/media?parent=310948"}],"wp:term":[{"taxonomy":"product_cat","embeddable":true,"href":"https:\/\/www.livrariarema.com.br\/loja\/wp-json\/wp\/v2\/product_cat?post=310948"},{"taxonomy":"product_tag","embeddable":true,"href":"https:\/\/www.livrariarema.com.br\/loja\/wp-json\/wp\/v2\/product_tag?post=310948"}],"curies":[{"name":"wp","href":"https:\/\/api.w.org\/{rel}","templated":true}]}}