{"id":310950,"date":"2024-08-12T15:25:20","date_gmt":"2024-08-12T18:25:20","guid":{"rendered":"https:\/\/www.livrariarema.com.br\/loja\/produtos\/sem categoria\/estudos-devocionais-para-criancas-kenneth-n-taylor\/"},"modified":"2026-02-27T14:44:21","modified_gmt":"2026-02-27T17:44:21","slug":"estudos-devocionais-para-criancas-kenneth-n-taylor","status":"publish","type":"product","link":"https:\/\/www.livrariarema.com.br\/loja\/produtos\/livros\/infantil\/estudos-devocionais-para-criancas-kenneth-n-taylor\/","title":{"rendered":"Estudos Devocionais Para Crian\u00e7as &#8211; Kenneth N. Taylor"},"content":{"rendered":"<p>Este \u00e9 um livro de estudos que ensina o que a B\u00edblia diz sobre o pecado, o c\u00e9u, sobre o Senhor Jesus e muitos outros temas b\u00edblicos relevantes.<br \/>\nIndicado para crian\u00e7as a partir dos seis anos de idade, as quais continuar\u00e3o a utiliz\u00e1-lo com todo o interesse at\u00e9 os onze anos.<\/p>\n","protected":false},"excerpt":{"rendered":"<p>Este \u00e9 um livro de estudos que ensina o que a B\u00edblia diz sobre o pecado, o c\u00e9u, sobre o&hellip;<\/p>\n","protected":false},"featured_media":345576,"comment_status":"open","ping_status":"closed","template":"","meta":[],"product_cat":[144,134],"product_tag":[],"_links":{"self":[{"href":"https:\/\/www.livrariarema.com.br\/loja\/wp-json\/wp\/v2\/product\/310950"}],"collection":[{"href":"https:\/\/www.livrariarema.com.br\/loja\/wp-json\/wp\/v2\/product"}],"about":[{"href":"https:\/\/www.livrariarema.com.br\/loja\/wp-json\/wp\/v2\/types\/product"}],"replies":[{"embeddable":true,"href":"https:\/\/www.livrariarema.com.br\/loja\/wp-json\/wp\/v2\/comments?post=310950"}],"wp:featuredmedia":[{"embeddable":true,"href":"https:\/\/www.livrariarema.com.br\/loja\/wp-json\/wp\/v2\/media\/345576"}],"wp:attachment":[{"href":"https:\/\/www.livrariarema.com.br\/loja\/wp-json\/wp\/v2\/media?parent=310950"}],"wp:term":[{"taxonomy":"product_cat","embeddable":true,"href":"https:\/\/www.livrariarema.com.br\/loja\/wp-json\/wp\/v2\/product_cat?post=310950"},{"taxonomy":"product_tag","embeddable":true,"href":"https:\/\/www.livrariarema.com.br\/loja\/wp-json\/wp\/v2\/product_tag?post=310950"}],"curies":[{"name":"wp","href":"https:\/\/api.w.org\/{rel}","templated":true}]}}