{"id":311002,"date":"2024-08-13T08:47:59","date_gmt":"2024-08-13T11:47:59","guid":{"rendered":"https:\/\/www.livrariarema.com.br\/loja\/produtos\/sem categoria\/biblia-com-comentarios-antonio-gilberto-vinho\/"},"modified":"2024-12-11T11:23:24","modified_gmt":"2024-12-11T14:23:24","slug":"biblia-com-comentarios-antonio-gilberto-vinho","status":"publish","type":"product","link":"https:\/\/www.livrariarema.com.br\/loja\/produtos\/biblias\/estudo\/biblia-com-comentarios-antonio-gilberto-vinho\/","title":{"rendered":"B\u00edblia Com Coment\u00e1rios Antonio Gilberto &#8211; Vinho"},"content":{"rendered":"<p>Nesta B\u00edblia voc\u00ea ter\u00e1 acesso as principais anota\u00e7\u00f5es e estudos que o saudoso pastor Antonio Gilberto elaborou ao longo de sua vida ministerial como pastor, professor, te\u00f3logo, escritor e comentarista das li\u00e7\u00f5es de escola dominical. Embora estas anota\u00e7\u00f5es n\u00e3o tenham sido elaboradas por ele com o objetivo de virem a se tornar uma B\u00edblia de Estudo, s\u00e3o numerosas o suficiente para enriquecer a leitura e o estudo de todos aqueles que queriam se aprofundar no entendimento do texto sagrado. A CPAD prop\u00f4s ao pastor Antonio Gilberto produzir uma B\u00edblia onde a produ\u00e7\u00e3o intelectual de sua vida pudesse ser incorporada e ele, de bom grado, deu total acesso \u00e0 CPAD \u00e0s suas anota\u00e7\u00f5es pessoais, \u00e0s quais se somaram tudo aquilo que j\u00e1 se publicou de sua lavra, como livros, artigos e li\u00e7\u00f5es de escola dominical. De posse deste vasto conte\u00fado, coube \u00e0 CPAD fazer o trabalho de coleta, cataloga\u00e7\u00e3o, sistematiza\u00e7\u00e3o e, por fim, de formata\u00e7\u00e3o em diversas se\u00e7\u00f5es ao longo do texto b\u00edblico, a fim de que o leitor possa ter acesso ao entendimento que o pastor Antonio Gilberto tinha acerca de cada vers\u00edculo ou assunto lido.<br \/>\nNesta B\u00edblia o leitor encontrar\u00e1:<\/p>\n<p>&#8211; S\u00edntese de cada livro da B\u00edblia com:<br \/>\n&#8211; An\u00e1lise do t\u00edtulo<br \/>\n&#8211; Informa\u00e7\u00f5es do autor<br \/>\n&#8211; Esfera de a\u00e7\u00e3o do livro<br \/>\n&#8211; Divis\u00e3o do livro<br \/>\n&#8211; Se\u00e7\u00f5es com t\u00f3picos tem\u00e1ticos<br \/>\n&#8211; Estudos doutrin\u00e1rios<br \/>\n&#8211; Estudos tem\u00e1ticos<br \/>\n&#8211; Coment\u00e1rios<br \/>\n&#8211; Esbo\u00e7os<\/p>\n","protected":false},"excerpt":{"rendered":"<p>Nesta B\u00edblia voc\u00ea ter\u00e1 acesso as principais anota\u00e7\u00f5es e estudos que o saudoso pastor Antonio Gilberto elaborou ao longo de&hellip;<\/p>\n","protected":false},"featured_media":311001,"comment_status":"open","ping_status":"closed","template":"","meta":[],"product_cat":[139,140],"product_tag":[],"_links":{"self":[{"href":"https:\/\/www.livrariarema.com.br\/loja\/wp-json\/wp\/v2\/product\/311002"}],"collection":[{"href":"https:\/\/www.livrariarema.com.br\/loja\/wp-json\/wp\/v2\/product"}],"about":[{"href":"https:\/\/www.livrariarema.com.br\/loja\/wp-json\/wp\/v2\/types\/product"}],"replies":[{"embeddable":true,"href":"https:\/\/www.livrariarema.com.br\/loja\/wp-json\/wp\/v2\/comments?post=311002"}],"wp:featuredmedia":[{"embeddable":true,"href":"https:\/\/www.livrariarema.com.br\/loja\/wp-json\/wp\/v2\/media\/311001"}],"wp:attachment":[{"href":"https:\/\/www.livrariarema.com.br\/loja\/wp-json\/wp\/v2\/media?parent=311002"}],"wp:term":[{"taxonomy":"product_cat","embeddable":true,"href":"https:\/\/www.livrariarema.com.br\/loja\/wp-json\/wp\/v2\/product_cat?post=311002"},{"taxonomy":"product_tag","embeddable":true,"href":"https:\/\/www.livrariarema.com.br\/loja\/wp-json\/wp\/v2\/product_tag?post=311002"}],"curies":[{"name":"wp","href":"https:\/\/api.w.org\/{rel}","templated":true}]}}