{"id":311038,"date":"2024-08-13T08:59:17","date_gmt":"2024-08-13T11:59:17","guid":{"rendered":"https:\/\/www.livrariarema.com.br\/loja\/produtos\/sem categoria\/biblia-com-alca-os-anjos-na-biblia-soldados-de-deus-cuidam-de-voce\/"},"modified":"2024-08-13T08:59:17","modified_gmt":"2024-08-13T11:59:17","slug":"biblia-com-alca-os-anjos-na-biblia-soldados-de-deus-cuidam-de-voce","status":"publish","type":"product","link":"https:\/\/www.livrariarema.com.br\/loja\/produtos\/livros\/infantil\/biblia-com-alca-os-anjos-na-biblia-soldados-de-deus-cuidam-de-voce\/","title":{"rendered":"B\u00edblia Com Al\u00e7a &#8211; Os Anjos Na B\u00edblia &#8211; Soldados De Deus Cuidam De Voc\u00ea"},"content":{"rendered":"<p>Baseado em diversas cita\u00e7\u00f5es b\u00edblicas e atrav\u00e9s de ilustra\u00e7\u00f5es coloridas e divertidas de Gustavo Mazali, este livro explicar\u00e1 \u00e0s crian\u00e7as que anjos n\u00e3o s\u00e3o para serem adorados, mas enviados por Deus para nos guardar, proteger e livrar em muitas situa\u00e7\u00f5es.<\/p>\n<p>Indicado para crian\u00e7as de 0 a 5 anos.<\/p>\n","protected":false},"excerpt":{"rendered":"<p>Baseado em diversas cita\u00e7\u00f5es b\u00edblicas e atrav\u00e9s de ilustra\u00e7\u00f5es coloridas e divertidas de Gustavo Mazali, este livro explicar\u00e1 \u00e0s crian\u00e7as&hellip;<\/p>\n","protected":false},"featured_media":0,"comment_status":"open","ping_status":"closed","template":"","meta":[],"product_cat":[144,134],"product_tag":[],"_links":{"self":[{"href":"https:\/\/www.livrariarema.com.br\/loja\/wp-json\/wp\/v2\/product\/311038"}],"collection":[{"href":"https:\/\/www.livrariarema.com.br\/loja\/wp-json\/wp\/v2\/product"}],"about":[{"href":"https:\/\/www.livrariarema.com.br\/loja\/wp-json\/wp\/v2\/types\/product"}],"replies":[{"embeddable":true,"href":"https:\/\/www.livrariarema.com.br\/loja\/wp-json\/wp\/v2\/comments?post=311038"}],"wp:attachment":[{"href":"https:\/\/www.livrariarema.com.br\/loja\/wp-json\/wp\/v2\/media?parent=311038"}],"wp:term":[{"taxonomy":"product_cat","embeddable":true,"href":"https:\/\/www.livrariarema.com.br\/loja\/wp-json\/wp\/v2\/product_cat?post=311038"},{"taxonomy":"product_tag","embeddable":true,"href":"https:\/\/www.livrariarema.com.br\/loja\/wp-json\/wp\/v2\/product_tag?post=311038"}],"curies":[{"name":"wp","href":"https:\/\/api.w.org\/{rel}","templated":true}]}}