{"id":311042,"date":"2024-08-13T08:59:29","date_gmt":"2024-08-13T11:59:29","guid":{"rendered":"https:\/\/www.livrariarema.com.br\/loja\/produtos\/sem categoria\/biblia-com-alca-parabolas-da-biblia\/"},"modified":"2025-09-26T10:21:31","modified_gmt":"2025-09-26T13:21:31","slug":"biblia-com-alca-parabolas-da-biblia","status":"publish","type":"product","link":"https:\/\/www.livrariarema.com.br\/loja\/produtos\/livros\/infantil\/biblia-com-alca-parabolas-da-biblia\/","title":{"rendered":"B\u00edblia Com Al\u00e7a &#8211; Par\u00e1bolas Da B\u00edblia"},"content":{"rendered":"<p>Hist\u00f3rias eternas da B\u00edblia para crian\u00e7as. Ideal para pequeninos com menos de 5 anos. Feita em material resistente, capa almofadada, uma pequena al\u00e7a e fecho para que a crian\u00e7ada possa levar a b\u00edblia aos cultos. Cont\u00e9m ilustra\u00e7\u00f5es bel\u00edssimas e hist\u00f3rias curtinhas, para ensinar as mais cativantes<\/p>\n","protected":false},"excerpt":{"rendered":"<p>Hist\u00f3rias eternas da B\u00edblia para crian\u00e7as. Ideal para pequeninos com menos de 5 anos. Feita em material resistente, capa almofadada,&hellip;<\/p>\n","protected":false},"featured_media":311041,"comment_status":"open","ping_status":"closed","template":"","meta":[],"product_cat":[144,134],"product_tag":[],"_links":{"self":[{"href":"https:\/\/www.livrariarema.com.br\/loja\/wp-json\/wp\/v2\/product\/311042"}],"collection":[{"href":"https:\/\/www.livrariarema.com.br\/loja\/wp-json\/wp\/v2\/product"}],"about":[{"href":"https:\/\/www.livrariarema.com.br\/loja\/wp-json\/wp\/v2\/types\/product"}],"replies":[{"embeddable":true,"href":"https:\/\/www.livrariarema.com.br\/loja\/wp-json\/wp\/v2\/comments?post=311042"}],"wp:featuredmedia":[{"embeddable":true,"href":"https:\/\/www.livrariarema.com.br\/loja\/wp-json\/wp\/v2\/media\/311041"}],"wp:attachment":[{"href":"https:\/\/www.livrariarema.com.br\/loja\/wp-json\/wp\/v2\/media?parent=311042"}],"wp:term":[{"taxonomy":"product_cat","embeddable":true,"href":"https:\/\/www.livrariarema.com.br\/loja\/wp-json\/wp\/v2\/product_cat?post=311042"},{"taxonomy":"product_tag","embeddable":true,"href":"https:\/\/www.livrariarema.com.br\/loja\/wp-json\/wp\/v2\/product_tag?post=311042"}],"curies":[{"name":"wp","href":"https:\/\/api.w.org\/{rel}","templated":true}]}}