{"id":311055,"date":"2024-08-13T09:04:04","date_gmt":"2024-08-13T12:04:04","guid":{"rendered":"https:\/\/www.livrariarema.com.br\/loja\/produtos\/sem%20categoria\/biblia-slim-com-harpa-capa-dura-jovem-leao\/"},"modified":"2026-02-04T13:20:34","modified_gmt":"2026-02-04T16:20:34","slug":"biblia-slim-com-harpa-capa-dura-jovem-leao","status":"publish","type":"product","link":"https:\/\/www.livrariarema.com.br\/loja\/produtos\/biblias\/revista-corrigida-com-harpa\/biblia-slim-com-harpa-capa-dura-jovem-leao\/","title":{"rendered":"Arc63h &#8211; B\u00edblia Com Harpa &#8211; Capa Dura &#8211; Jovem &#8211; Le\u00e3o"},"content":{"rendered":"<p>Um exemplar da palavra de Deus que concilia beleza, conte\u00fado e praticidade. B\u00edblia com texto b\u00edblico na vers\u00e3o Almeida Revista e Corrigida e o famoso hin\u00e1rio Harpa Crist\u00e3.<\/p>\n<p>Mapas<br \/>\nMarcador de P\u00e1gina<br \/>\nHarpa Crist\u00e3<br \/>\n\u00cdndice de Autores e Tradutores<br \/>\n\u00cdndice dos Assuntos<br \/>\n\u00cdndice das Primeiras Linhas das Estrofes<\/p>\n","protected":false},"excerpt":{"rendered":"<p>Um exemplar da palavra de Deus que concilia beleza, conte\u00fado e praticidade. B\u00edblia com texto b\u00edblico na vers\u00e3o Almeida Revista&hellip;<\/p>\n","protected":false},"featured_media":326423,"comment_status":"open","ping_status":"closed","template":"","meta":[],"product_cat":[139,151],"product_tag":[],"_links":{"self":[{"href":"https:\/\/www.livrariarema.com.br\/loja\/wp-json\/wp\/v2\/product\/311055"}],"collection":[{"href":"https:\/\/www.livrariarema.com.br\/loja\/wp-json\/wp\/v2\/product"}],"about":[{"href":"https:\/\/www.livrariarema.com.br\/loja\/wp-json\/wp\/v2\/types\/product"}],"replies":[{"embeddable":true,"href":"https:\/\/www.livrariarema.com.br\/loja\/wp-json\/wp\/v2\/comments?post=311055"}],"wp:featuredmedia":[{"embeddable":true,"href":"https:\/\/www.livrariarema.com.br\/loja\/wp-json\/wp\/v2\/media\/326423"}],"wp:attachment":[{"href":"https:\/\/www.livrariarema.com.br\/loja\/wp-json\/wp\/v2\/media?parent=311055"}],"wp:term":[{"taxonomy":"product_cat","embeddable":true,"href":"https:\/\/www.livrariarema.com.br\/loja\/wp-json\/wp\/v2\/product_cat?post=311055"},{"taxonomy":"product_tag","embeddable":true,"href":"https:\/\/www.livrariarema.com.br\/loja\/wp-json\/wp\/v2\/product_tag?post=311055"}],"curies":[{"name":"wp","href":"https:\/\/api.w.org\/{rel}","templated":true}]}}