{"id":311057,"date":"2024-08-13T09:04:09","date_gmt":"2024-08-13T12:04:09","guid":{"rendered":"https:\/\/www.livrariarema.com.br\/loja\/produtos\/sem categoria\/avivamento-contribuicoes-de-jonathan-edwards-para-o-pentecostalismo-brasileiro-elias-torralbo\/"},"modified":"2026-01-08T12:10:47","modified_gmt":"2026-01-08T15:10:47","slug":"avivamento-contribuicoes-de-jonathan-edwards-para-o-pentecostalismo-brasileiro-elias-torralbo","status":"publish","type":"product","link":"https:\/\/www.livrariarema.com.br\/loja\/produtos\/livros\/historia\/avivamento-contribuicoes-de-jonathan-edwards-para-o-pentecostalismo-brasileiro-elias-torralbo\/","title":{"rendered":"Avivamento &#8211; Contribui\u00e7\u00f5es De Jonathan Edwards Para O Pentecostalismo Brasileiro &#8211; Elias Torralbo"},"content":{"rendered":"<p>O Grande Despertamento, ocorrido entre as d\u00e9cadas de 1730-1740, teve no pregador Jonathan Edwards um dos seus mais proeminentes te\u00f3logos do avivamento. Pela semelhan\u00e7a do movimento vivido naqueles dias com o que vem acontecendo no Brasil, a teologia de Jonathan Edwards \u00e9 abordada por Torralbo na inten\u00e7\u00e3o de oferecer aos crentes de tradi\u00e7\u00e3o pentecostal importantes li\u00e7\u00f5es acerca do verdadeiro sentido de avivamento, assim como elementos pr\u00e1ticos para avaliar e confirmar os seus frutos.<\/p>\n","protected":false},"excerpt":{"rendered":"<p>O Grande Despertamento, ocorrido entre as d\u00e9cadas de 1730-1740, teve no pregador Jonathan Edwards um dos seus mais proeminentes te\u00f3logos&hellip;<\/p>\n","protected":false},"featured_media":311056,"comment_status":"open","ping_status":"closed","template":"","meta":[],"product_cat":[194,134],"product_tag":[],"_links":{"self":[{"href":"https:\/\/www.livrariarema.com.br\/loja\/wp-json\/wp\/v2\/product\/311057"}],"collection":[{"href":"https:\/\/www.livrariarema.com.br\/loja\/wp-json\/wp\/v2\/product"}],"about":[{"href":"https:\/\/www.livrariarema.com.br\/loja\/wp-json\/wp\/v2\/types\/product"}],"replies":[{"embeddable":true,"href":"https:\/\/www.livrariarema.com.br\/loja\/wp-json\/wp\/v2\/comments?post=311057"}],"wp:featuredmedia":[{"embeddable":true,"href":"https:\/\/www.livrariarema.com.br\/loja\/wp-json\/wp\/v2\/media\/311056"}],"wp:attachment":[{"href":"https:\/\/www.livrariarema.com.br\/loja\/wp-json\/wp\/v2\/media?parent=311057"}],"wp:term":[{"taxonomy":"product_cat","embeddable":true,"href":"https:\/\/www.livrariarema.com.br\/loja\/wp-json\/wp\/v2\/product_cat?post=311057"},{"taxonomy":"product_tag","embeddable":true,"href":"https:\/\/www.livrariarema.com.br\/loja\/wp-json\/wp\/v2\/product_tag?post=311057"}],"curies":[{"name":"wp","href":"https:\/\/api.w.org\/{rel}","templated":true}]}}