{"id":311077,"date":"2024-08-13T09:18:33","date_gmt":"2024-08-13T12:18:33","guid":{"rendered":"https:\/\/www.livrariarema.com.br\/loja\/produtos\/sem categoria\/biblia-de-estudo-pentecostal-para-jovens-media-vinho\/"},"modified":"2025-04-16T10:56:54","modified_gmt":"2025-04-16T13:56:54","slug":"biblia-de-estudo-pentecostal-para-jovens-media-vinho","status":"publish","type":"product","link":"https:\/\/www.livrariarema.com.br\/loja\/produtos\/biblias\/estudo\/biblia-de-estudo-pentecostal-para-jovens-media-vinho\/","title":{"rendered":"B\u00edblia De Estudo Pentecostal Para Jovens &#8211; M\u00e9dia &#8211; Vinho"},"content":{"rendered":"<p>Projetada para todos aqueles que creem em todas as promessas de Jesus Cristo, esta B\u00edblia \u00e9 um grande recurso para os ajudar jovens crist\u00e3os a viverem vidas plenamente inspiradas no poder infal\u00edvel do Esp\u00edrito Santo. Os pentecostais n\u00e3o somente creem, como tamb\u00e9m professam e ensinam a salva\u00e7\u00e3o em Cristo inteiramente pela gra\u00e7a de Deus, o batismo no Esp\u00edrito Santo, os dons espirituais e o fruto do Esp\u00edrito. Esta edi\u00e7\u00e3o inclui al\u00e9m de notas completamente revisadas os seguintes recursos:<br \/>\n\u00b7 Introdu\u00e7\u00e3o dos livros com espa\u00e7o para anota\u00e7\u00f5es;<br \/>\n\u00b7 Colunas laterais com refer\u00eancias b\u00edblicas;<br \/>\n\u00b7 Coment\u00e1rios com recursos para discipulado;<br \/>\n\u00b7 Mapas, tabelas e chaves para artigos entre os textos b\u00edblicos;<br \/>\n\u00b7 Apoio pr\u00e1tico para miss\u00f5es;<\/p>\n","protected":false},"excerpt":{"rendered":"<p>Projetada para todos aqueles que creem em todas as promessas de Jesus Cristo, esta B\u00edblia \u00e9 um grande recurso para&hellip;<\/p>\n","protected":false},"featured_media":329497,"comment_status":"open","ping_status":"closed","template":"","meta":[],"product_cat":[139,140],"product_tag":[],"_links":{"self":[{"href":"https:\/\/www.livrariarema.com.br\/loja\/wp-json\/wp\/v2\/product\/311077"}],"collection":[{"href":"https:\/\/www.livrariarema.com.br\/loja\/wp-json\/wp\/v2\/product"}],"about":[{"href":"https:\/\/www.livrariarema.com.br\/loja\/wp-json\/wp\/v2\/types\/product"}],"replies":[{"embeddable":true,"href":"https:\/\/www.livrariarema.com.br\/loja\/wp-json\/wp\/v2\/comments?post=311077"}],"wp:featuredmedia":[{"embeddable":true,"href":"https:\/\/www.livrariarema.com.br\/loja\/wp-json\/wp\/v2\/media\/329497"}],"wp:attachment":[{"href":"https:\/\/www.livrariarema.com.br\/loja\/wp-json\/wp\/v2\/media?parent=311077"}],"wp:term":[{"taxonomy":"product_cat","embeddable":true,"href":"https:\/\/www.livrariarema.com.br\/loja\/wp-json\/wp\/v2\/product_cat?post=311077"},{"taxonomy":"product_tag","embeddable":true,"href":"https:\/\/www.livrariarema.com.br\/loja\/wp-json\/wp\/v2\/product_tag?post=311077"}],"curies":[{"name":"wp","href":"https:\/\/api.w.org\/{rel}","templated":true}]}}