{"id":311079,"date":"2024-08-13T09:18:39","date_gmt":"2024-08-13T12:18:39","guid":{"rendered":"https:\/\/www.livrariarema.com.br\/loja\/produtos\/sem categoria\/biblia-de-estudo-aplicacao-pessoal-para-adolescentes-nvt-media-rosa\/"},"modified":"2025-08-18T14:39:07","modified_gmt":"2025-08-18T17:39:07","slug":"biblia-de-estudo-aplicacao-pessoal-para-adolescentes-nvt-media-rosa","status":"publish","type":"product","link":"https:\/\/www.livrariarema.com.br\/loja\/produtos\/biblias\/estudo\/biblia-de-estudo-aplicacao-pessoal-para-adolescentes-nvt-media-rosa\/","title":{"rendered":"B\u00edblia De Estudo Aplica\u00e7\u00e3o Pessoal Para Adolescentes &#8211; Nvt &#8211; M\u00e9dia &#8211; Rosa"},"content":{"rendered":"<p>Ela est\u00e1 repleta de notas e recursos elaborados para atender aos desafios e necessidades dos alunos do ensino m\u00e9dio de hoje, com foco em escolhas, quest\u00f5es da vida e hist\u00f3rias de adolescentes reais. Seu texto b\u00edblico na Nova vers\u00e3o Transformadora (NVT) ajuda os adolescentes a entender e aplicar a Palavra de Deus em todas as \u00e1reas de suas vidas e encontrar a Deus de um modo aut\u00eantico.<\/p>\n<p>Veja aqui<\/p>\n<p>&#8211; 66 Introdu\u00e7\u00f5es dos Livros<br \/>\n&#8211; 1000 Notas de Aplica\u00e7\u00e3o Pessoal<br \/>\n&#8211; 50 Perfis de Personagens B\u00edblicos<br \/>\n&#8211; 60 Escolhas &#8211; artigos sobre Adolescentes em Situa\u00e7\u00f5es da Vida Real<br \/>\n&#8211; Mapas<br \/>\n&#8211; Cerca de 70 Quadros Esquem\u00e1ticos<br \/>\n&#8211; 88 Vers\u00edculos Importantes que renovam nossas for\u00e7as e esperan\u00e7a<br \/>\n&#8211; Minha Hist\u00f3ria &#8211; adolescentes reais que se esfor\u00e7am para seguir a Deus no mundo.<br \/>\n&#8211; Assunto S\u00e9rio &#8211; quest\u00f5es fundamentais (e dif\u00edceis) sobre Deus, a B\u00edblia e a vida.<br \/>\n&#8211; Ser\u00e1? <br \/>\n&#8211; artigos que ajudam a tirar d\u00favidas sobre a B\u00edblia.<\/p>\n","protected":false},"excerpt":{"rendered":"<p>Ela est\u00e1 repleta de notas e recursos elaborados para atender aos desafios e necessidades dos alunos do ensino m\u00e9dio de&hellip;<\/p>\n","protected":false},"featured_media":335458,"comment_status":"open","ping_status":"closed","template":"","meta":[],"product_cat":[139,140],"product_tag":[],"_links":{"self":[{"href":"https:\/\/www.livrariarema.com.br\/loja\/wp-json\/wp\/v2\/product\/311079"}],"collection":[{"href":"https:\/\/www.livrariarema.com.br\/loja\/wp-json\/wp\/v2\/product"}],"about":[{"href":"https:\/\/www.livrariarema.com.br\/loja\/wp-json\/wp\/v2\/types\/product"}],"replies":[{"embeddable":true,"href":"https:\/\/www.livrariarema.com.br\/loja\/wp-json\/wp\/v2\/comments?post=311079"}],"wp:featuredmedia":[{"embeddable":true,"href":"https:\/\/www.livrariarema.com.br\/loja\/wp-json\/wp\/v2\/media\/335458"}],"wp:attachment":[{"href":"https:\/\/www.livrariarema.com.br\/loja\/wp-json\/wp\/v2\/media?parent=311079"}],"wp:term":[{"taxonomy":"product_cat","embeddable":true,"href":"https:\/\/www.livrariarema.com.br\/loja\/wp-json\/wp\/v2\/product_cat?post=311079"},{"taxonomy":"product_tag","embeddable":true,"href":"https:\/\/www.livrariarema.com.br\/loja\/wp-json\/wp\/v2\/product_tag?post=311079"}],"curies":[{"name":"wp","href":"https:\/\/api.w.org\/{rel}","templated":true}]}}