{"id":311097,"date":"2024-08-13T10:11:21","date_gmt":"2024-08-13T13:11:21","guid":{"rendered":"https:\/\/www.livrariarema.com.br\/loja\/produtos\/sem categoria\/ela-a-imagem-dele-francine-verissimo-walsh\/"},"modified":"2025-05-23T10:30:14","modified_gmt":"2025-05-23T13:30:14","slug":"ela-a-imagem-dele-francine-verissimo-walsh","status":"publish","type":"product","link":"https:\/\/www.livrariarema.com.br\/loja\/produtos\/livros\/casamento\/ela-a-imagem-dele-francine-verissimo-walsh\/","title":{"rendered":"Ela \u00c0 Imagem Dele &#8211; Francine Ver\u00edssimo Walsh"},"content":{"rendered":"<p>Deus nos fez mulheres. Vamos falar sobre isso?<br \/>\nFrancine Walsh sabe que a condi\u00e7\u00e3o da mulher na sociedade atual \u00e9 alvo de debates acalorados que, em grande medida, desprezam uma abordagem cristoc\u00eantrica, gerando distor\u00e7\u00f5es profundas na autoimagem da mulher.<br \/>\nPor isso, ela convida voc\u00ea a ajustar o foco da vis\u00e3o sobre si mesma e ressalta o valor da feminilidade b\u00edblica, exaltando o privil\u00e9gio de sermos simplesmente filhas.<br \/>\nSomos dignas. Somos amadas. Somos redimidas. Somos cooperadoras de Deus. N\u00e3o h\u00e1 b\u00ean\u00e7\u00e3o maior.<\/p>\n","protected":false},"excerpt":{"rendered":"<p>Deus nos fez mulheres. Vamos falar sobre isso? Francine Walsh sabe que a condi\u00e7\u00e3o da mulher na sociedade atual \u00e9&hellip;<\/p>\n","protected":false},"featured_media":329732,"comment_status":"open","ping_status":"closed","template":"","meta":[],"product_cat":[155,134],"product_tag":[],"_links":{"self":[{"href":"https:\/\/www.livrariarema.com.br\/loja\/wp-json\/wp\/v2\/product\/311097"}],"collection":[{"href":"https:\/\/www.livrariarema.com.br\/loja\/wp-json\/wp\/v2\/product"}],"about":[{"href":"https:\/\/www.livrariarema.com.br\/loja\/wp-json\/wp\/v2\/types\/product"}],"replies":[{"embeddable":true,"href":"https:\/\/www.livrariarema.com.br\/loja\/wp-json\/wp\/v2\/comments?post=311097"}],"wp:featuredmedia":[{"embeddable":true,"href":"https:\/\/www.livrariarema.com.br\/loja\/wp-json\/wp\/v2\/media\/329732"}],"wp:attachment":[{"href":"https:\/\/www.livrariarema.com.br\/loja\/wp-json\/wp\/v2\/media?parent=311097"}],"wp:term":[{"taxonomy":"product_cat","embeddable":true,"href":"https:\/\/www.livrariarema.com.br\/loja\/wp-json\/wp\/v2\/product_cat?post=311097"},{"taxonomy":"product_tag","embeddable":true,"href":"https:\/\/www.livrariarema.com.br\/loja\/wp-json\/wp\/v2\/product_tag?post=311097"}],"curies":[{"name":"wp","href":"https:\/\/api.w.org\/{rel}","templated":true}]}}