{"id":311101,"date":"2024-08-13T10:11:33","date_gmt":"2024-08-13T13:11:33","guid":{"rendered":"https:\/\/www.livrariarema.com.br\/loja\/produtos\/sem categoria\/uma-aventura-a-dois-thais-oliveira\/"},"modified":"2026-02-11T13:49:00","modified_gmt":"2026-02-11T16:49:00","slug":"uma-aventura-a-dois-thais-oliveira","status":"publish","type":"product","link":"https:\/\/www.livrariarema.com.br\/loja\/produtos\/livros\/adolescente\/uma-aventura-a-dois-thais-oliveira\/","title":{"rendered":"Uma Aventura A Dois &#8211; Tha\u00eds Oliveira"},"content":{"rendered":"<p>Aos 17 anos, Mabel se sente presa em uma bolha. As altas expectativas do pai, os olhos de general da m\u00e3e e as regras aparentemente sem sentido da igreja parecem sufoc\u00e1-la. A garota n\u00e3o aguenta mais ser a filha mais velha (e perfeita) o tempo todo.<\/p>\n<p>Ent\u00e3o, um acordo inesperado com o pai e a chegada de um vizinho de olhos verdes e sorriso torto a deixam tentada a furar sua bolha. Ela est\u00e1 pronta para viver sua pr\u00f3pria aventura a dois. S\u00f3 tem um probleminha: ser\u00e1 que \u00e9 mesmo uma boa ideia?<\/p>\n<p>Lan\u00e7amento de Thais Oliveira, co-autora de Corajosas, as princesas nada encantadas.<\/p>\n","protected":false},"excerpt":{"rendered":"<p>Aos 17 anos, Mabel se sente presa em uma bolha. As altas expectativas do pai, os olhos de general da&hellip;<\/p>\n","protected":false},"featured_media":344305,"comment_status":"open","ping_status":"closed","template":"","meta":[],"product_cat":[186,134],"product_tag":[],"_links":{"self":[{"href":"https:\/\/www.livrariarema.com.br\/loja\/wp-json\/wp\/v2\/product\/311101"}],"collection":[{"href":"https:\/\/www.livrariarema.com.br\/loja\/wp-json\/wp\/v2\/product"}],"about":[{"href":"https:\/\/www.livrariarema.com.br\/loja\/wp-json\/wp\/v2\/types\/product"}],"replies":[{"embeddable":true,"href":"https:\/\/www.livrariarema.com.br\/loja\/wp-json\/wp\/v2\/comments?post=311101"}],"wp:featuredmedia":[{"embeddable":true,"href":"https:\/\/www.livrariarema.com.br\/loja\/wp-json\/wp\/v2\/media\/344305"}],"wp:attachment":[{"href":"https:\/\/www.livrariarema.com.br\/loja\/wp-json\/wp\/v2\/media?parent=311101"}],"wp:term":[{"taxonomy":"product_cat","embeddable":true,"href":"https:\/\/www.livrariarema.com.br\/loja\/wp-json\/wp\/v2\/product_cat?post=311101"},{"taxonomy":"product_tag","embeddable":true,"href":"https:\/\/www.livrariarema.com.br\/loja\/wp-json\/wp\/v2\/product_tag?post=311101"}],"curies":[{"name":"wp","href":"https:\/\/api.w.org\/{rel}","templated":true}]}}