{"id":311103,"date":"2024-08-13T10:11:40","date_gmt":"2024-08-13T13:11:40","guid":{"rendered":"https:\/\/www.livrariarema.com.br\/loja\/produtos\/sem categoria\/honestidade-radical-o-caminho-para-a-cura-da-alma-manda-carpenter\/"},"modified":"2025-05-13T10:20:22","modified_gmt":"2025-05-13T13:20:22","slug":"honestidade-radical-o-caminho-para-a-cura-da-alma-manda-carpenter","status":"publish","type":"product","link":"https:\/\/www.livrariarema.com.br\/loja\/produtos\/livros\/cura-libertacao\/honestidade-radical-o-caminho-para-a-cura-da-alma-manda-carpenter\/","title":{"rendered":"Honestidade Radical: O Caminho Para A Cura Da Alma &#8211; Manda Carpenter"},"content":{"rendered":"<p>Hoje em dia, a imagem que propagamos de n\u00f3s mesmas \u00e9 tudo. N\u00e3o medimos esfor\u00e7os para performar um personagem aceit\u00e1vel e cr\u00edvel, e nessa busca de uma performance vencedora comprometemos a sa\u00fade emocional, f\u00edsica e espiritual. At\u00e9 que um dia a m\u00e1scara cai.<\/p>\n<p>Em Honestidade radical, Manda Carpenter reconta sua emocionante e pungente hist\u00f3ria. Seus aprendizados s\u00e3o esperan\u00e7a para quem se encontra na angustiante roda-viva de representar algu\u00e9m diferente de quem realmente \u00e9.<\/p>\n<p>\u00c9 hora de abandonar a fachada da vida perfeita e ser radicalmente honesta para alcan\u00e7ar cura e abra\u00e7ar a confian\u00e7a que vem de conhecer e amar a si mesma sem necessidade de filtros.<\/p>\n","protected":false},"excerpt":{"rendered":"<p>Hoje em dia, a imagem que propagamos de n\u00f3s mesmas \u00e9 tudo. N\u00e3o medimos esfor\u00e7os para performar um personagem aceit\u00e1vel&hellip;<\/p>\n","protected":false},"featured_media":328600,"comment_status":"open","ping_status":"closed","template":"","meta":[],"product_cat":[157,134],"product_tag":[],"_links":{"self":[{"href":"https:\/\/www.livrariarema.com.br\/loja\/wp-json\/wp\/v2\/product\/311103"}],"collection":[{"href":"https:\/\/www.livrariarema.com.br\/loja\/wp-json\/wp\/v2\/product"}],"about":[{"href":"https:\/\/www.livrariarema.com.br\/loja\/wp-json\/wp\/v2\/types\/product"}],"replies":[{"embeddable":true,"href":"https:\/\/www.livrariarema.com.br\/loja\/wp-json\/wp\/v2\/comments?post=311103"}],"wp:featuredmedia":[{"embeddable":true,"href":"https:\/\/www.livrariarema.com.br\/loja\/wp-json\/wp\/v2\/media\/328600"}],"wp:attachment":[{"href":"https:\/\/www.livrariarema.com.br\/loja\/wp-json\/wp\/v2\/media?parent=311103"}],"wp:term":[{"taxonomy":"product_cat","embeddable":true,"href":"https:\/\/www.livrariarema.com.br\/loja\/wp-json\/wp\/v2\/product_cat?post=311103"},{"taxonomy":"product_tag","embeddable":true,"href":"https:\/\/www.livrariarema.com.br\/loja\/wp-json\/wp\/v2\/product_tag?post=311103"}],"curies":[{"name":"wp","href":"https:\/\/api.w.org\/{rel}","templated":true}]}}