{"id":311809,"date":"2024-08-19T13:26:54","date_gmt":"2024-08-19T16:26:54","guid":{"rendered":"https:\/\/www.livrariarema.com.br\/loja\/produtos\/sem categoria\/biblia-king-james-fiel-1611-ultragigante-luxo-preta\/"},"modified":"2026-01-17T10:40:31","modified_gmt":"2026-01-17T13:40:31","slug":"biblia-king-james-fiel-1611-ultragigante-luxo-preta","status":"publish","type":"product","link":"https:\/\/www.livrariarema.com.br\/loja\/produtos\/biblias\/king-james\/biblia-king-james-fiel-1611-ultragigante-luxo-preta\/","title":{"rendered":"B\u00edblia King James Fiel 1611 &#8211; Ultragigante &#8211; Luxo &#8211; Preta"},"content":{"rendered":"<p>B\u00edblia King James de 1611 \u00e9 descrita como uma das publica\u00e7\u00f5es mais importantes da hist\u00f3ria, e tamb\u00e9m a mais fiel ao Textus Receptus. O rei James I da Inglaterra reuniu os maiores estudiosos religiosos e linguistas para uma nova tradu\u00e7\u00e3o da B\u00edblia, a fim de estabelecer a tradu\u00e7\u00e3o mais precisa e mais digna at\u00e9 \u00e0 data. Ele nomeou 54 estudiosos para trabalhar na tradu\u00e7\u00e3o, e 47 trabalharam em seis grupos em tr\u00eas locais por sete anos.<\/p>\n<p>Ap\u00f3s a conclus\u00e3o, a B\u00edblia King James foi impressa pela primeira vez em 1611 por Robert Barker. A B\u00edblia era muito grande, cerca de 40cm de altura. Por causa do alto custo e valor, foi anunciado para as igrejas que a B\u00edblia devia ser acorrentada nos p\u00falpitos. <\/p>\n<p>A B\u00edblia 1611 foi autorizada para ser lida nas igrejas, raz\u00e3o pela qual foi chamada de Vers\u00e3o Autorizada. N\u00f3s da BV Books estamos felizes em poder apresentar, finalmente, a Vers\u00e3o Autorizada em portugu\u00eas da B\u00edblia King James.<\/p>\n<p>BKJ Fiel 1611, \u00e9 um trabalho de 8 anos, onde publicamos junto com a LifeWay (Broadman &amp;Holman).<\/p>\n","protected":false},"excerpt":{"rendered":"<p>B\u00edblia King James de 1611 \u00e9 descrita como uma das publica\u00e7\u00f5es mais importantes da hist\u00f3ria, e tamb\u00e9m a mais fiel&hellip;<\/p>\n","protected":false},"featured_media":328035,"comment_status":"open","ping_status":"closed","template":"","meta":[],"product_cat":[139,233],"product_tag":[],"_links":{"self":[{"href":"https:\/\/www.livrariarema.com.br\/loja\/wp-json\/wp\/v2\/product\/311809"}],"collection":[{"href":"https:\/\/www.livrariarema.com.br\/loja\/wp-json\/wp\/v2\/product"}],"about":[{"href":"https:\/\/www.livrariarema.com.br\/loja\/wp-json\/wp\/v2\/types\/product"}],"replies":[{"embeddable":true,"href":"https:\/\/www.livrariarema.com.br\/loja\/wp-json\/wp\/v2\/comments?post=311809"}],"wp:featuredmedia":[{"embeddable":true,"href":"https:\/\/www.livrariarema.com.br\/loja\/wp-json\/wp\/v2\/media\/328035"}],"wp:attachment":[{"href":"https:\/\/www.livrariarema.com.br\/loja\/wp-json\/wp\/v2\/media?parent=311809"}],"wp:term":[{"taxonomy":"product_cat","embeddable":true,"href":"https:\/\/www.livrariarema.com.br\/loja\/wp-json\/wp\/v2\/product_cat?post=311809"},{"taxonomy":"product_tag","embeddable":true,"href":"https:\/\/www.livrariarema.com.br\/loja\/wp-json\/wp\/v2\/product_tag?post=311809"}],"curies":[{"name":"wp","href":"https:\/\/api.w.org\/{rel}","templated":true}]}}