{"id":312106,"date":"2024-08-21T13:25:06","date_gmt":"2024-08-21T16:25:06","guid":{"rendered":"https:\/\/www.livrariarema.com.br\/loja\/produtos\/sem categoria\/biblia-the-purpose-book-a21-janela-vitral-verde\/"},"modified":"2026-02-24T12:21:09","modified_gmt":"2026-02-24T15:21:09","slug":"biblia-the-purpose-book-a21-janela-vitral-verde","status":"publish","type":"product","link":"https:\/\/www.livrariarema.com.br\/loja\/produtos\/biblias\/almeida-seculo-21\/biblia-the-purpose-book-a21-janela-vitral-verde\/","title":{"rendered":"B\u00edblia The Purpose Book &#8211; A21 &#8211; Janela &#8211; Vitral &#8211; Verde"},"content":{"rendered":"<p>A B\u00edblia de luxo mais completa do Brasil A b\u00edblia The Purpose Book celebra a beleza das maravilhas de Deus em cada detalhe: da capa \u00e0s ilustra\u00e7\u00f5es que abrem cada livro, passando pelas cores, texturas e ferramentas de leitura. Intencionalmente desenvolvida para que voc\u00ea se expresse enquanto medita na Palavra de Deus, ela conta com espa\u00e7o para anota\u00e7\u00e3o pautado, a tradu\u00e7\u00e3o Almeida S\u00e9culo 21, planos de leitura, guia para anota\u00e7\u00e3o do texto b\u00edblico e muito mais! A The Purpose Book \u00e9 perfeita para leitura b\u00edblica, devocionais, journaling, anota\u00e7\u00f5es, ora\u00e7\u00f5es e estudo. Ferramentas:   Guia de uso com dicas para usar o espa\u00e7o de anota\u00e7\u00f5es e as demais ferramentas da B\u00edblia. Plano de leitura b\u00edblica personalizado para que voc\u00ea organize sua leitura considerando suas necessidades atuais e quais livros deseja priorizar. Plano de leitura b\u00edblica de 365 dias para quem deseja ler a B\u00edblia de A a Z em um ano. Plano de leitura b\u00edblica cronol\u00f3gico trianual para quem prefere ler com tranquilidade, seguindo a ordem cronol\u00f3gica. Introdu\u00e7\u00f5es \u00e0s categorias de livros que ajudam voc\u00ea a entender os grupos b\u00edblicos (como Pentateuco, Livros Hist\u00f3ricos, Evangelhos, etc) e a saber em que terreno est\u00e1 pisando. Ilustra\u00e7\u00f5es exclusivas na abertura de cada livro da B\u00edblia, que apontam como o Senhor Jesus Cristo foi revelado naquele livro. Ferramenta de estudo logo ap\u00f3s a ilustra\u00e7\u00e3o, que incentiva voc\u00ea a identificar temas centrais, vers\u00edculos-chave e outras informa\u00e7\u00f5es acerca de cada livro da B\u00edblia. Texto b\u00edblico com espa\u00e7o para anota\u00e7\u00e3o para ser usado como quiser!<\/p>\n","protected":false},"excerpt":{"rendered":"<p>A B\u00edblia de luxo mais completa do Brasil A b\u00edblia The Purpose Book celebra a beleza das maravilhas de Deus&hellip;<\/p>\n","protected":false},"featured_media":345291,"comment_status":"open","ping_status":"closed","template":"","meta":[],"product_cat":[190,139],"product_tag":[],"_links":{"self":[{"href":"https:\/\/www.livrariarema.com.br\/loja\/wp-json\/wp\/v2\/product\/312106"}],"collection":[{"href":"https:\/\/www.livrariarema.com.br\/loja\/wp-json\/wp\/v2\/product"}],"about":[{"href":"https:\/\/www.livrariarema.com.br\/loja\/wp-json\/wp\/v2\/types\/product"}],"replies":[{"embeddable":true,"href":"https:\/\/www.livrariarema.com.br\/loja\/wp-json\/wp\/v2\/comments?post=312106"}],"wp:featuredmedia":[{"embeddable":true,"href":"https:\/\/www.livrariarema.com.br\/loja\/wp-json\/wp\/v2\/media\/345291"}],"wp:attachment":[{"href":"https:\/\/www.livrariarema.com.br\/loja\/wp-json\/wp\/v2\/media?parent=312106"}],"wp:term":[{"taxonomy":"product_cat","embeddable":true,"href":"https:\/\/www.livrariarema.com.br\/loja\/wp-json\/wp\/v2\/product_cat?post=312106"},{"taxonomy":"product_tag","embeddable":true,"href":"https:\/\/www.livrariarema.com.br\/loja\/wp-json\/wp\/v2\/product_tag?post=312106"}],"curies":[{"name":"wp","href":"https:\/\/api.w.org\/{rel}","templated":true}]}}