{"id":312112,"date":"2024-08-21T13:25:29","date_gmt":"2024-08-21T16:25:29","guid":{"rendered":"https:\/\/www.livrariarema.com.br\/loja\/produtos\/sem categoria\/clara-e-o-caderno-perdido-chris-wheeler\/"},"modified":"2026-02-26T14:10:35","modified_gmt":"2026-02-26T17:10:35","slug":"clara-e-o-caderno-perdido-chris-wheeler","status":"publish","type":"product","link":"https:\/\/www.livrariarema.com.br\/loja\/produtos\/livros\/infantil\/clara-e-o-caderno-perdido-chris-wheeler\/","title":{"rendered":"Clara E O Caderno Perdido &#8211; Chris Wheeler"},"content":{"rendered":"<p>Clara procurou seu caderno em toda parte, mas n\u00e3o o encontrou em lugar nenhum. Seus pensamentos disparavam em sua cabe\u00e7a e parecia que um elefante estava sentado em seu peito. Ela tentou respirar, mas era como se estivesse debaixo d`\u00e1gua.<\/p>\n<p>E se essa sensa\u00e7\u00e3o nunca passar?<\/p>\n<p>Acompanhe Clara enquanto ela aprende a acalmar suas emo\u00e7\u00f5es em uma hist\u00f3ria para ajudar as crian\u00e7as a descobrirem como lidar com seus pr\u00f3prios medos e ansiedades.<\/p>\n","protected":false},"excerpt":{"rendered":"<p>Clara procurou seu caderno em toda parte, mas n\u00e3o o encontrou em lugar nenhum. Seus pensamentos disparavam em sua cabe\u00e7a&hellip;<\/p>\n","protected":false},"featured_media":345540,"comment_status":"open","ping_status":"closed","template":"","meta":[],"product_cat":[144,134],"product_tag":[],"_links":{"self":[{"href":"https:\/\/www.livrariarema.com.br\/loja\/wp-json\/wp\/v2\/product\/312112"}],"collection":[{"href":"https:\/\/www.livrariarema.com.br\/loja\/wp-json\/wp\/v2\/product"}],"about":[{"href":"https:\/\/www.livrariarema.com.br\/loja\/wp-json\/wp\/v2\/types\/product"}],"replies":[{"embeddable":true,"href":"https:\/\/www.livrariarema.com.br\/loja\/wp-json\/wp\/v2\/comments?post=312112"}],"wp:featuredmedia":[{"embeddable":true,"href":"https:\/\/www.livrariarema.com.br\/loja\/wp-json\/wp\/v2\/media\/345540"}],"wp:attachment":[{"href":"https:\/\/www.livrariarema.com.br\/loja\/wp-json\/wp\/v2\/media?parent=312112"}],"wp:term":[{"taxonomy":"product_cat","embeddable":true,"href":"https:\/\/www.livrariarema.com.br\/loja\/wp-json\/wp\/v2\/product_cat?post=312112"},{"taxonomy":"product_tag","embeddable":true,"href":"https:\/\/www.livrariarema.com.br\/loja\/wp-json\/wp\/v2\/product_tag?post=312112"}],"curies":[{"name":"wp","href":"https:\/\/api.w.org\/{rel}","templated":true}]}}