{"id":312116,"date":"2024-08-21T13:26:51","date_gmt":"2024-08-21T16:26:51","guid":{"rendered":"https:\/\/www.livrariarema.com.br\/loja\/produtos\/sem categoria\/som-do-despertar-o-francine-rivers\/"},"modified":"2026-03-27T09:51:21","modified_gmt":"2026-03-27T12:51:21","slug":"som-do-despertar-o-francine-rivers","status":"publish","type":"product","link":"https:\/\/www.livrariarema.com.br\/loja\/produtos\/livros\/romance\/som-do-despertar-o-francine-rivers\/","title":{"rendered":"Som Do Despertar, O &#8211; Francine Rivers"},"content":{"rendered":"<p>Com a chegada do carism\u00e1tico pastor Paul Hudson, um vento de renova\u00e7\u00e3o sopra sobre a comunidade de Centerville. A igreja se expande, novas fam\u00edlias se mudam e o tradicional ritmo da pequena cidade \u00e9 desafiado. Mas nem todos est\u00e3o felizes com as novidades. <br \/>\nEnquanto a cren\u00e7a de uns reacende, outros questionam os m\u00e9todos do novo pastor. No meio disso, conflitos interpessoais e a ambi\u00e7\u00e3o desmedida de Paul amea\u00e7am a rela\u00e7\u00e3o com toda a congrega\u00e7\u00e3o e p\u00f5em \u00e0 prova os la\u00e7os que unem sua fam\u00edlia.<br \/>\nEm O som do despertar, Francine Rivers, autora best&#8211;seller do The New York Times, nos apresenta personagens cativantes que enfrentam dilemas da vida real. Uma hist\u00f3ria emocionante sobre a import\u00e2ncia de ouvir o chamado<br \/>\nde Deus em meio \u00e0s press\u00f5es do mundo moderno.<\/p>\n","protected":false},"excerpt":{"rendered":"<p>Com a chegada do carism\u00e1tico pastor Paul Hudson, um vento de renova\u00e7\u00e3o sopra sobre a comunidade de Centerville. A igreja&hellip;<\/p>\n","protected":false},"featured_media":329149,"comment_status":"open","ping_status":"closed","template":"","meta":[],"product_cat":[134,182],"product_tag":[],"_links":{"self":[{"href":"https:\/\/www.livrariarema.com.br\/loja\/wp-json\/wp\/v2\/product\/312116"}],"collection":[{"href":"https:\/\/www.livrariarema.com.br\/loja\/wp-json\/wp\/v2\/product"}],"about":[{"href":"https:\/\/www.livrariarema.com.br\/loja\/wp-json\/wp\/v2\/types\/product"}],"replies":[{"embeddable":true,"href":"https:\/\/www.livrariarema.com.br\/loja\/wp-json\/wp\/v2\/comments?post=312116"}],"wp:featuredmedia":[{"embeddable":true,"href":"https:\/\/www.livrariarema.com.br\/loja\/wp-json\/wp\/v2\/media\/329149"}],"wp:attachment":[{"href":"https:\/\/www.livrariarema.com.br\/loja\/wp-json\/wp\/v2\/media?parent=312116"}],"wp:term":[{"taxonomy":"product_cat","embeddable":true,"href":"https:\/\/www.livrariarema.com.br\/loja\/wp-json\/wp\/v2\/product_cat?post=312116"},{"taxonomy":"product_tag","embeddable":true,"href":"https:\/\/www.livrariarema.com.br\/loja\/wp-json\/wp\/v2\/product_tag?post=312116"}],"curies":[{"name":"wp","href":"https:\/\/api.w.org\/{rel}","templated":true}]}}