{"id":312124,"date":"2024-08-21T13:27:18","date_gmt":"2024-08-21T16:27:18","guid":{"rendered":"https:\/\/www.livrariarema.com.br\/loja\/produtos\/sem%20categoria\/verso-a-verso-a-biblia-em-quadrinhos-juizes\/"},"modified":"2026-02-23T15:41:44","modified_gmt":"2026-02-23T18:41:44","slug":"verso-a-verso-a-biblia-em-quadrinhos-juizes","status":"publish","type":"product","link":"https:\/\/www.livrariarema.com.br\/loja\/produtos\/livros\/manga-hq\/verso-a-verso-a-biblia-em-quadrinhos-juizes\/","title":{"rendered":"Verso A Verso &#8211; A B\u00edblia Em Quadrinhos &#8211; Ju\u00edzes"},"content":{"rendered":"<p>S\u00e9rie B\u00edblia Verso a Verso em Quadrinhos <\/p>\n<p>Utilizamos muitos detalhes e elementos contextuais e cen\u00e1rios que n\u00e3o s\u00e3o detect\u00e1veis a partir apenas do texto. Estudamos relatos hist\u00f3ricos e b\u00edblicos profundamente e apresentamos um visual gr\u00e1fico harm\u00f4nico e consistente. Por exemplo, pode-se destacar facilmente uma mudan\u00e7a de cena que o texto em si n\u00e3o apresenta de forma \u00f3bvia com imagens, ou retratar graficamente uma lista de pessoas que se encontram presentes na mesma cena.<\/p>\n<p>Todas as palavras contidas nos textos da vers\u00e3o b\u00edblica s\u00e3o usadas. Quando o formato gr\u00e1fico torna certas palavras redundantes, o texto \u00e9, mesmo assim, inserido nos espa\u00e7os entre os pain\u00e9is. As \u00fanicas &#8220;palavras&#8221; adicionadas s\u00e3o os efeitos sonoros, ou palavras em outras l\u00ednguas que n\u00e3o precisam ser lidas. Alguns sinais de pontua\u00e7\u00e3o (por exemplo: aspas, algumas v\u00edrgulas e ponto e v\u00edrgula dentro do discurso direto) s\u00e3o considerados redundantes onde bal\u00f5es de di\u00e1logos e a divis\u00e3o dos pain\u00e9is indicam as pausas, ou mudan\u00e7a de interlocutor e foram, portanto, exclu\u00eddos. Usamos retic\u00eancias onde uma fala continua por dois ou mais pain\u00e9is para indicar a continuidade do pensamento. Pontos de exclama\u00e7\u00e3o e interroga\u00e7\u00e3o permaneceram de acordo com a vers\u00e3o b\u00edblica utilizada. Uma das vantagens da vers\u00e3o em quadrinhos \u00e9 a habilidade de expressar emo\u00e7\u00f5es visualmente, como normalmente se faz com o uso de letras em caixa alta para indicar um grito, por exemplo. N\u00fameros grandes foram convertidos em d\u00edgitos para economizar espa\u00e7o e tornar a leitura mais din\u00e2mica.<\/p>\n","protected":false},"excerpt":{"rendered":"<p>S\u00e9rie B\u00edblia Verso a Verso em Quadrinhos Utilizamos muitos detalhes e elementos contextuais e cen\u00e1rios que n\u00e3o s\u00e3o detect\u00e1veis a&hellip;<\/p>\n","protected":false},"featured_media":345170,"comment_status":"open","ping_status":"closed","template":"","meta":[],"product_cat":[134,189],"product_tag":[],"_links":{"self":[{"href":"https:\/\/www.livrariarema.com.br\/loja\/wp-json\/wp\/v2\/product\/312124"}],"collection":[{"href":"https:\/\/www.livrariarema.com.br\/loja\/wp-json\/wp\/v2\/product"}],"about":[{"href":"https:\/\/www.livrariarema.com.br\/loja\/wp-json\/wp\/v2\/types\/product"}],"replies":[{"embeddable":true,"href":"https:\/\/www.livrariarema.com.br\/loja\/wp-json\/wp\/v2\/comments?post=312124"}],"wp:featuredmedia":[{"embeddable":true,"href":"https:\/\/www.livrariarema.com.br\/loja\/wp-json\/wp\/v2\/media\/345170"}],"wp:attachment":[{"href":"https:\/\/www.livrariarema.com.br\/loja\/wp-json\/wp\/v2\/media?parent=312124"}],"wp:term":[{"taxonomy":"product_cat","embeddable":true,"href":"https:\/\/www.livrariarema.com.br\/loja\/wp-json\/wp\/v2\/product_cat?post=312124"},{"taxonomy":"product_tag","embeddable":true,"href":"https:\/\/www.livrariarema.com.br\/loja\/wp-json\/wp\/v2\/product_tag?post=312124"}],"curies":[{"name":"wp","href":"https:\/\/api.w.org\/{rel}","templated":true}]}}