{"id":313937,"date":"2024-09-06T13:37:15","date_gmt":"2024-09-06T16:37:15","guid":{"rendered":"https:\/\/www.livrariarema.com.br\/loja\/produtos\/sem categoria\/caderno-universitario-80-folhas-neon-pink\/"},"modified":"2025-11-21T10:21:09","modified_gmt":"2025-11-21T13:21:09","slug":"caderno-universitario-80-folhas-neon-pink","status":"publish","type":"product","link":"https:\/\/www.livrariarema.com.br\/loja\/produtos\/papelaria\/caderno\/caderno-universitario-80-folhas-neon-pink\/","title":{"rendered":"Caderno Universit\u00e1rio 80 Folhas &#8211; Neon &#8211; Pink"},"content":{"rendered":"<p>O Caderno Universit\u00e1rio Neon Pink 1 Mat\u00e9ria 80 Folhas possui capa pl\u00e1stica com silkscreen, bolsa pl\u00e1stica para guardar trabalhos e anota\u00e7\u00f5es, folhas pautadas e espiral colorido. Ideal para o dia a dia na escola ou na faculdade e o fechamento em el\u00e1stico garante seguran\u00e7a e praticidade.<br \/>\n<Br><br \/>\nDetalhes<\/p>\n<p>Bolsa pl\u00e1stica<br \/>\nCapa: com el\u00e1stico e pl\u00e1stica<br \/>\n\u00cdndice<br \/>\nMiolo: pautado<br \/>\nN\u00famero de mat\u00e9rias: 1 mat\u00e9ria<br \/>\nProduto certificado: FSC<br \/>\nFormato: 200mm x 275mm<br \/>\nGramatura: 56 g\/m\u00b2<br \/>\nN\u00famero de folhas: 80 folhas<\/p>\n","protected":false},"excerpt":{"rendered":"<p>O Caderno Universit\u00e1rio Neon Pink 1 Mat\u00e9ria 80 Folhas possui capa pl\u00e1stica com silkscreen, bolsa pl\u00e1stica para guardar trabalhos e&hellip;<\/p>\n","protected":false},"featured_media":0,"comment_status":"open","ping_status":"closed","template":"","meta":[],"product_cat":[230,215],"product_tag":[],"_links":{"self":[{"href":"https:\/\/www.livrariarema.com.br\/loja\/wp-json\/wp\/v2\/product\/313937"}],"collection":[{"href":"https:\/\/www.livrariarema.com.br\/loja\/wp-json\/wp\/v2\/product"}],"about":[{"href":"https:\/\/www.livrariarema.com.br\/loja\/wp-json\/wp\/v2\/types\/product"}],"replies":[{"embeddable":true,"href":"https:\/\/www.livrariarema.com.br\/loja\/wp-json\/wp\/v2\/comments?post=313937"}],"wp:attachment":[{"href":"https:\/\/www.livrariarema.com.br\/loja\/wp-json\/wp\/v2\/media?parent=313937"}],"wp:term":[{"taxonomy":"product_cat","embeddable":true,"href":"https:\/\/www.livrariarema.com.br\/loja\/wp-json\/wp\/v2\/product_cat?post=313937"},{"taxonomy":"product_tag","embeddable":true,"href":"https:\/\/www.livrariarema.com.br\/loja\/wp-json\/wp\/v2\/product_tag?post=313937"}],"curies":[{"name":"wp","href":"https:\/\/api.w.org\/{rel}","templated":true}]}}