{"id":314092,"date":"2024-09-07T09:17:26","date_gmt":"2024-09-07T12:17:26","guid":{"rendered":"https:\/\/www.livrariarema.com.br\/loja\/produtos\/sem categoria\/bloco-tilembrete-100-folhas-ursinhos-carinhosos\/"},"modified":"2026-01-06T14:00:49","modified_gmt":"2026-01-06T17:00:49","slug":"bloco-tilembrete-100-folhas-ursinhos-carinhosos","status":"publish","type":"product","link":"https:\/\/www.livrariarema.com.br\/loja\/produtos\/papelaria\/bloco\/bloco-tilembrete-100-folhas-ursinhos-carinhosos\/","title":{"rendered":"Bloco Tilembrete &#8211; 100 Folhas &#8211; Ursinhos Carinhosos"},"content":{"rendered":"<p>O Tilembrete \u00e9 perfeito para anota\u00e7\u00f5es do dia a dia. Com formato compacto e folhas destac\u00e1veis n\u00e3o adesivas, cabe na bolsa, na gaveta e pode ficar em cima da mesa ou escrivaninha, para facilitar a cria\u00e7\u00e3o de anota\u00e7\u00f5es importantes.<br \/>\nEste modelo possui 100 folhas destac\u00e1veis quadriculadas, no tamanho 80 x 91 mm, com gramatura 75 g\/m. O formato do Tilembrete \u00e9 perfeito para ajudar voc\u00ea a ter mais objetividade. A ideia \u00e9 bater o olho no papel e identificar rapidamente o que est\u00e1 anotado.<\/p>\n","protected":false},"excerpt":{"rendered":"<p>O Tilembrete \u00e9 perfeito para anota\u00e7\u00f5es do dia a dia. Com formato compacto e folhas destac\u00e1veis n\u00e3o adesivas, cabe na&hellip;<\/p>\n","protected":false},"featured_media":338567,"comment_status":"open","ping_status":"closed","template":"","meta":[],"product_cat":[239,215],"product_tag":[],"_links":{"self":[{"href":"https:\/\/www.livrariarema.com.br\/loja\/wp-json\/wp\/v2\/product\/314092"}],"collection":[{"href":"https:\/\/www.livrariarema.com.br\/loja\/wp-json\/wp\/v2\/product"}],"about":[{"href":"https:\/\/www.livrariarema.com.br\/loja\/wp-json\/wp\/v2\/types\/product"}],"replies":[{"embeddable":true,"href":"https:\/\/www.livrariarema.com.br\/loja\/wp-json\/wp\/v2\/comments?post=314092"}],"wp:featuredmedia":[{"embeddable":true,"href":"https:\/\/www.livrariarema.com.br\/loja\/wp-json\/wp\/v2\/media\/338567"}],"wp:attachment":[{"href":"https:\/\/www.livrariarema.com.br\/loja\/wp-json\/wp\/v2\/media?parent=314092"}],"wp:term":[{"taxonomy":"product_cat","embeddable":true,"href":"https:\/\/www.livrariarema.com.br\/loja\/wp-json\/wp\/v2\/product_cat?post=314092"},{"taxonomy":"product_tag","embeddable":true,"href":"https:\/\/www.livrariarema.com.br\/loja\/wp-json\/wp\/v2\/product_tag?post=314092"}],"curies":[{"name":"wp","href":"https:\/\/api.w.org\/{rel}","templated":true}]}}