{"id":314203,"date":"2024-09-09T13:33:26","date_gmt":"2024-09-09T16:33:26","guid":{"rendered":"https:\/\/www.livrariarema.com.br\/loja\/produtos\/sem categoria\/cartilha-de-atividades-maleta-aprendendo-a-desenhar\/"},"modified":"2025-12-20T15:50:41","modified_gmt":"2025-12-20T18:50:41","slug":"cartilha-de-atividades-maleta-aprendendo-a-desenhar","status":"publish","type":"product","link":"https:\/\/www.livrariarema.com.br\/loja\/produtos\/livros\/infantil\/cartilha-de-atividades-maleta-aprendendo-a-desenhar\/","title":{"rendered":"Cartilha De Atividades &#8211; Maleta &#8211; Aprendendo A Desenhar"},"content":{"rendered":"<p>A Cartilha de Atividades Maleta Aprender a Desenhar Aprender, Brincar e Colorir \u00e9 ideal para aprender a desenhar. S\u00e3o diversos desenhos para aprender em 5 passo a passos, e levar para onde quiser com o formato de maleta. Al\u00e9m disso, o produto conta com uma folha de adesivos dupla.<\/p>\n","protected":false},"excerpt":{"rendered":"<p>A Cartilha de Atividades Maleta Aprender a Desenhar Aprender, Brincar e Colorir \u00e9 ideal para aprender a desenhar. S\u00e3o diversos&hellip;<\/p>\n","protected":false},"featured_media":314393,"comment_status":"open","ping_status":"closed","template":"","meta":[],"product_cat":[144,134],"product_tag":[],"_links":{"self":[{"href":"https:\/\/www.livrariarema.com.br\/loja\/wp-json\/wp\/v2\/product\/314203"}],"collection":[{"href":"https:\/\/www.livrariarema.com.br\/loja\/wp-json\/wp\/v2\/product"}],"about":[{"href":"https:\/\/www.livrariarema.com.br\/loja\/wp-json\/wp\/v2\/types\/product"}],"replies":[{"embeddable":true,"href":"https:\/\/www.livrariarema.com.br\/loja\/wp-json\/wp\/v2\/comments?post=314203"}],"wp:featuredmedia":[{"embeddable":true,"href":"https:\/\/www.livrariarema.com.br\/loja\/wp-json\/wp\/v2\/media\/314393"}],"wp:attachment":[{"href":"https:\/\/www.livrariarema.com.br\/loja\/wp-json\/wp\/v2\/media?parent=314203"}],"wp:term":[{"taxonomy":"product_cat","embeddable":true,"href":"https:\/\/www.livrariarema.com.br\/loja\/wp-json\/wp\/v2\/product_cat?post=314203"},{"taxonomy":"product_tag","embeddable":true,"href":"https:\/\/www.livrariarema.com.br\/loja\/wp-json\/wp\/v2\/product_tag?post=314203"}],"curies":[{"name":"wp","href":"https:\/\/api.w.org\/{rel}","templated":true}]}}