{"id":314252,"date":"2024-09-09T13:38:40","date_gmt":"2024-09-09T16:38:40","guid":{"rendered":"https:\/\/www.livrariarema.com.br\/loja\/produtos\/sem categoria\/comentario-exegetico-juizes-e-rute-daniel-i-block\/"},"modified":"2026-02-20T12:29:28","modified_gmt":"2026-02-20T15:29:28","slug":"comentario-exegetico-juizes-e-rute-daniel-i-block","status":"publish","type":"product","link":"https:\/\/www.livrariarema.com.br\/loja\/produtos\/promocao\/livros-promocao\/comentario-exegetico-juizes-e-rute-daniel-i-block\/","title":{"rendered":"Coment\u00e1rio Exeg\u00e9tico: Ju\u00edzes E Rute &#8211; Daniel I. Block"},"content":{"rendered":"<p>Daniel I. Block certamente est\u00e1 entre os mais respeitados autores de coment\u00e1rios exeg\u00e9ticos dos livros do Antigo Testamento. Nesta obra, ele concentra o seu vasto conhecimento, bem como sua paix\u00e3o pela concretiza\u00e7\u00e3o dos prop\u00f3sitos de Deus no mundo, no estudo dos livros de Ju\u00edzes e Rute.<\/p>\n<p>Caracter\u00edsticas importantes deste coment\u00e1rio excepcional incluem a metodologia acad\u00eamica s\u00f3lida que reflete pesquisa muito competente do texto original &#8211; representando o que h\u00e1 de melhor na erudi\u00e7\u00e3o evang\u00e9lica contempor\u00e2nea; interpreta\u00e7\u00e3o que enfatiza a unidade teol\u00f3gica dos dois livros e das Escrituras como um todo e exposi\u00e7\u00e3o compreens\u00edvel e aplic\u00e1vel. Esse conjunto faz da obra uma ferramenta especialmente \u00fatil para o minist\u00e9rio pr\u00e1tico da prega\u00e7\u00e3o e do ensino.<\/p>\n","protected":false},"excerpt":{"rendered":"<p>Daniel I. Block certamente est\u00e1 entre os mais respeitados autores de coment\u00e1rios exeg\u00e9ticos dos livros do Antigo Testamento. Nesta obra,&hellip;<\/p>\n","protected":false},"featured_media":344915,"comment_status":"open","ping_status":"closed","template":"","meta":[],"product_cat":[143,142],"product_tag":[],"_links":{"self":[{"href":"https:\/\/www.livrariarema.com.br\/loja\/wp-json\/wp\/v2\/product\/314252"}],"collection":[{"href":"https:\/\/www.livrariarema.com.br\/loja\/wp-json\/wp\/v2\/product"}],"about":[{"href":"https:\/\/www.livrariarema.com.br\/loja\/wp-json\/wp\/v2\/types\/product"}],"replies":[{"embeddable":true,"href":"https:\/\/www.livrariarema.com.br\/loja\/wp-json\/wp\/v2\/comments?post=314252"}],"wp:featuredmedia":[{"embeddable":true,"href":"https:\/\/www.livrariarema.com.br\/loja\/wp-json\/wp\/v2\/media\/344915"}],"wp:attachment":[{"href":"https:\/\/www.livrariarema.com.br\/loja\/wp-json\/wp\/v2\/media?parent=314252"}],"wp:term":[{"taxonomy":"product_cat","embeddable":true,"href":"https:\/\/www.livrariarema.com.br\/loja\/wp-json\/wp\/v2\/product_cat?post=314252"},{"taxonomy":"product_tag","embeddable":true,"href":"https:\/\/www.livrariarema.com.br\/loja\/wp-json\/wp\/v2\/product_tag?post=314252"}],"curies":[{"name":"wp","href":"https:\/\/api.w.org\/{rel}","templated":true}]}}