{"id":314259,"date":"2024-09-09T13:40:21","date_gmt":"2024-09-09T16:40:21","guid":{"rendered":"https:\/\/www.livrariarema.com.br\/loja\/produtos\/sem categoria\/deus-e-o-debate-sobre-transgeneros-andrew-t-walker\/"},"modified":"2026-04-24T13:40:32","modified_gmt":"2026-04-24T16:40:32","slug":"deus-e-o-debate-sobre-transgeneros-andrew-t-walker","status":"publish","type":"product","link":"https:\/\/www.livrariarema.com.br\/loja\/produtos\/livros\/atualidades\/deus-e-o-debate-sobre-transgeneros-andrew-t-walker\/","title":{"rendered":"Deus E O Debate Sobre Transg\u00eaneros &#8211; Andrew T. Walker"},"content":{"rendered":"<p>As quest\u00f5es de g\u00eanero est\u00e3o quase todos os dias no notici\u00e1rio. Elas tamb\u00e9m fazem parte da vida di\u00e1ria de muitas pessoas. Mas, no fundo, o que importa n\u00e3o \u00e9 o debate &#8211; s\u00e3o as pessoas. E neste livro n\u00e3o \u00e9 diferente.<\/p>\n<p>Em Deus e o debate sobre transg\u00eaneros, Andrew Walker discute o que significa ser um homem ou uma mulher e sugere como cada um de n\u00f3s pode analisar as v\u00e1rias maneiras de entender o g\u00eanero. Ele examina o que Jesus disse &#8211; o Jesus que debateu assuntos controversos, mas, muito mais do que isso, amou as pessoas &#8211; e revela por que o ensino de Jesus \u00e9 uma boa not\u00edcia para todos.<\/p>\n<p>Este livro ajudar\u00e1 os crist\u00e3os a se envolverem de forma amorosa, ponderada e b\u00edblica em discuss\u00f5es sobre identidade de g\u00eanero.<\/p>\n","protected":false},"excerpt":{"rendered":"<p>As quest\u00f5es de g\u00eanero est\u00e3o quase todos os dias no notici\u00e1rio. Elas tamb\u00e9m fazem parte da vida di\u00e1ria de muitas&hellip;<\/p>\n","protected":false},"featured_media":344951,"comment_status":"open","ping_status":"closed","template":"","meta":[],"product_cat":[191,134],"product_tag":[],"_links":{"self":[{"href":"https:\/\/www.livrariarema.com.br\/loja\/wp-json\/wp\/v2\/product\/314259"}],"collection":[{"href":"https:\/\/www.livrariarema.com.br\/loja\/wp-json\/wp\/v2\/product"}],"about":[{"href":"https:\/\/www.livrariarema.com.br\/loja\/wp-json\/wp\/v2\/types\/product"}],"replies":[{"embeddable":true,"href":"https:\/\/www.livrariarema.com.br\/loja\/wp-json\/wp\/v2\/comments?post=314259"}],"wp:featuredmedia":[{"embeddable":true,"href":"https:\/\/www.livrariarema.com.br\/loja\/wp-json\/wp\/v2\/media\/344951"}],"wp:attachment":[{"href":"https:\/\/www.livrariarema.com.br\/loja\/wp-json\/wp\/v2\/media?parent=314259"}],"wp:term":[{"taxonomy":"product_cat","embeddable":true,"href":"https:\/\/www.livrariarema.com.br\/loja\/wp-json\/wp\/v2\/product_cat?post=314259"},{"taxonomy":"product_tag","embeddable":true,"href":"https:\/\/www.livrariarema.com.br\/loja\/wp-json\/wp\/v2\/product_tag?post=314259"}],"curies":[{"name":"wp","href":"https:\/\/api.w.org\/{rel}","templated":true}]}}