{"id":314261,"date":"2024-09-09T13:40:28","date_gmt":"2024-09-09T16:40:28","guid":{"rendered":"https:\/\/www.livrariarema.com.br\/loja\/produtos\/sem categoria\/saude-mental-e-sua-igreja-uma-manual-para-o-cuidado-biblico-helen-thorne-e-dr-steve-midgley\/"},"modified":"2026-02-20T13:34:34","modified_gmt":"2026-02-20T16:34:34","slug":"saude-mental-e-sua-igreja-uma-manual-para-o-cuidado-biblico-helen-thorne-e-dr-steve-midgley","status":"publish","type":"product","link":"https:\/\/www.livrariarema.com.br\/loja\/produtos\/livros\/cura-libertacao\/saude-mental-e-sua-igreja-uma-manual-para-o-cuidado-biblico-helen-thorne-e-dr-steve-midgley\/","title":{"rendered":"Sa\u00fade Mental E Sua Igreja &#8211; Uma Manual Para O Cuidado B\u00edblico &#8211; Helen Thorne E Dr. Steve Midgley"},"content":{"rendered":"<p>Doen\u00e7as mentais s\u00e3o bem mais comuns do que muitos de n\u00f3s pensamos. As estat\u00edsticas indicam que uma em cada seis pessoas enfrentou um problema de sa\u00fade mental nesta \u00faltima semana. Isso significa que h\u00e1 muitas pessoas em nossas igrejas que enfrentam batalhas incessantes com pensamentos, sentimentos, impulsos e at\u00e9 vozes que as perturbam, abatem e empurram em dire\u00e7\u00e3o ao desespero. Entretanto, quando chega o momento de ajud\u00e1-las, n\u00e3o sabemos, na maioria das vezes, por onde come\u00e7ar e temos medo de piorar as coisas ao dizer ou fazer algo errado.<\/p>\n<p>Este livro compassivo e pr\u00e1tico ir\u00e1 ajud\u00e1-lo a entender as pessoas que est\u00e3o lutando e tamb\u00e9m a responder com sabedoria b\u00edblica, o capacitando a fazer sua parte para que sua igreja seja um lugar onde os que enfrentam problemas de sa\u00fade mental se sintam bem-vindos, compreendidos, cuidados e apoiados: uma antecipa\u00e7\u00e3o da nova cria\u00e7\u00e3o.<\/p>\n","protected":false},"excerpt":{"rendered":"<p>Doen\u00e7as mentais s\u00e3o bem mais comuns do que muitos de n\u00f3s pensamos. As estat\u00edsticas indicam que uma em cada seis&hellip;<\/p>\n","protected":false},"featured_media":345080,"comment_status":"open","ping_status":"closed","template":"","meta":[],"product_cat":[157,134],"product_tag":[],"_links":{"self":[{"href":"https:\/\/www.livrariarema.com.br\/loja\/wp-json\/wp\/v2\/product\/314261"}],"collection":[{"href":"https:\/\/www.livrariarema.com.br\/loja\/wp-json\/wp\/v2\/product"}],"about":[{"href":"https:\/\/www.livrariarema.com.br\/loja\/wp-json\/wp\/v2\/types\/product"}],"replies":[{"embeddable":true,"href":"https:\/\/www.livrariarema.com.br\/loja\/wp-json\/wp\/v2\/comments?post=314261"}],"wp:featuredmedia":[{"embeddable":true,"href":"https:\/\/www.livrariarema.com.br\/loja\/wp-json\/wp\/v2\/media\/345080"}],"wp:attachment":[{"href":"https:\/\/www.livrariarema.com.br\/loja\/wp-json\/wp\/v2\/media?parent=314261"}],"wp:term":[{"taxonomy":"product_cat","embeddable":true,"href":"https:\/\/www.livrariarema.com.br\/loja\/wp-json\/wp\/v2\/product_cat?post=314261"},{"taxonomy":"product_tag","embeddable":true,"href":"https:\/\/www.livrariarema.com.br\/loja\/wp-json\/wp\/v2\/product_tag?post=314261"}],"curies":[{"name":"wp","href":"https:\/\/api.w.org\/{rel}","templated":true}]}}