{"id":314263,"date":"2024-09-09T13:40:37","date_gmt":"2024-09-09T16:40:37","guid":{"rendered":"https:\/\/www.livrariarema.com.br\/loja\/produtos\/sem categoria\/deus-justo-e-soberano-a-mensagem-de-naum-para-a-igreja-de-hoje-tiago-abdalla\/"},"modified":"2026-02-20T12:56:30","modified_gmt":"2026-02-20T15:56:30","slug":"deus-justo-e-soberano-a-mensagem-de-naum-para-a-igreja-de-hoje-tiago-abdalla","status":"publish","type":"product","link":"https:\/\/www.livrariarema.com.br\/loja\/produtos\/livros\/estudo-biblico\/deus-justo-e-soberano-a-mensagem-de-naum-para-a-igreja-de-hoje-tiago-abdalla\/","title":{"rendered":"Deus Justo E Soberano &#8211; A Mensagem De Naum Para A Igreja De Hoje &#8211; Tiago Abdalla"},"content":{"rendered":"<p>O Livro de Naum, embora pequeno em extens\u00e3o e muitas vezes esquecido por muitos crist\u00e3os, \u00e9 uma obra repleta de verdades importantes sobre Deus e sobre a maneira pela qual ele se relaciona com indiv\u00edduos e na\u00e7\u00f5es. Em um mundo repleto de reis e governantes que pretendem impor sua vontade ou estabelecer seu poder de modo permanente, o profeta b\u00edblico nos lembra que existe apenas um soberano cuja majestade \u00e9 mais elevada que os c\u00e9us e cujo poder jamais perecer\u00e1. <\/p>\n<p>A mensagem de Naum \u00e9 um alento e esperan\u00e7a para aqueles que se encontram perplexos diante das mazelas e injusti\u00e7as de um mundo ca\u00eddo, pois expressa a certeza de que, no fim da hist\u00f3ria, a justi\u00e7a de Deus prevalecer\u00e1 sobre a injusti\u00e7a dos poderes humanos, que logo passar\u00e3o.<\/p>\n<p>Em Deus justo e soberano, Tiago Abdalla leva o leitor a responder as quest\u00f5es importantes do Livro de Naum: Que tipo de relacionamento voc\u00ea tem com o grande Rei do universo? Voc\u00ea \u00e9 um rebelde ou um redimido? Amigo ou inimigo? Permanece resistente ou se rendeu totalmente ao amor de Deus? Render-se a esse grande Rei, entregando toda a nossa vida a ele e ador\u00e1-lo como Senhor e Redentor, \u00e9 a \u00fanica resposta apropriada ao Deus justo e soberano das Escrituras Sagradas.<\/p>\n","protected":false},"excerpt":{"rendered":"<p>O Livro de Naum, embora pequeno em extens\u00e3o e muitas vezes esquecido por muitos crist\u00e3os, \u00e9 uma obra repleta de&hellip;<\/p>\n","protected":false},"featured_media":344952,"comment_status":"open","ping_status":"closed","template":"","meta":[],"product_cat":[161,134],"product_tag":[],"_links":{"self":[{"href":"https:\/\/www.livrariarema.com.br\/loja\/wp-json\/wp\/v2\/product\/314263"}],"collection":[{"href":"https:\/\/www.livrariarema.com.br\/loja\/wp-json\/wp\/v2\/product"}],"about":[{"href":"https:\/\/www.livrariarema.com.br\/loja\/wp-json\/wp\/v2\/types\/product"}],"replies":[{"embeddable":true,"href":"https:\/\/www.livrariarema.com.br\/loja\/wp-json\/wp\/v2\/comments?post=314263"}],"wp:featuredmedia":[{"embeddable":true,"href":"https:\/\/www.livrariarema.com.br\/loja\/wp-json\/wp\/v2\/media\/344952"}],"wp:attachment":[{"href":"https:\/\/www.livrariarema.com.br\/loja\/wp-json\/wp\/v2\/media?parent=314263"}],"wp:term":[{"taxonomy":"product_cat","embeddable":true,"href":"https:\/\/www.livrariarema.com.br\/loja\/wp-json\/wp\/v2\/product_cat?post=314263"},{"taxonomy":"product_tag","embeddable":true,"href":"https:\/\/www.livrariarema.com.br\/loja\/wp-json\/wp\/v2\/product_tag?post=314263"}],"curies":[{"name":"wp","href":"https:\/\/api.w.org\/{rel}","templated":true}]}}