{"id":314391,"date":"2024-09-09T15:46:07","date_gmt":"2024-09-09T18:46:07","guid":{"rendered":"https:\/\/www.livrariarema.com.br\/loja\/produtos\/sem categoria\/lapiseira-tilibra-bold-2-0mm\/"},"modified":"2026-03-28T10:22:28","modified_gmt":"2026-03-28T13:22:28","slug":"lapiseira-tilibra-bold-2-0mm","status":"publish","type":"product","link":"https:\/\/www.livrariarema.com.br\/loja\/produtos\/papelaria\/lapiseira\/lapiseira-tilibra-bold-2-0mm\/","title":{"rendered":"Lapiseira &#8211; Tilibra &#8211; Bold &#8211; 2.0Mm"},"content":{"rendered":"<p>A Lapiseira Bold 2.0mm possui \u00e9 uma op\u00e7\u00e3o vers\u00e1til para escrita e desenho. O produto, com corpo sextavado e grip emborrachado para oferecer uma pegada confort\u00e1vel, conta com apontador de grafite acoplado no topo e mecanismo de qualidade para armazenamento e avan\u00e7o da carga.<\/p>\n<p>Detalhes:<br \/>\nAlta qualidade<br \/>\nC\u00f3digo de barras individual<br \/>\nCom apontador acoplado<br \/>\nCom clip<br \/>\nCor: Sortidas<br \/>\nCorpo triangular<br \/>\nGrip ergon\u00f4mico<br \/>\nMaior praticidade ao escrever<br \/>\nMaior resist\u00eancia e durabilidade<br \/>\nPonta: 2mm<br \/>\nTra\u00e7o macio<\/p>\n","protected":false},"excerpt":{"rendered":"<p>A Lapiseira Bold 2.0mm possui \u00e9 uma op\u00e7\u00e3o vers\u00e1til para escrita e desenho. O produto, com corpo sextavado e grip&hellip;<\/p>\n","protected":false},"featured_media":315977,"comment_status":"open","ping_status":"closed","template":"","meta":[],"product_cat":[276,215],"product_tag":[],"_links":{"self":[{"href":"https:\/\/www.livrariarema.com.br\/loja\/wp-json\/wp\/v2\/product\/314391"}],"collection":[{"href":"https:\/\/www.livrariarema.com.br\/loja\/wp-json\/wp\/v2\/product"}],"about":[{"href":"https:\/\/www.livrariarema.com.br\/loja\/wp-json\/wp\/v2\/types\/product"}],"replies":[{"embeddable":true,"href":"https:\/\/www.livrariarema.com.br\/loja\/wp-json\/wp\/v2\/comments?post=314391"}],"wp:featuredmedia":[{"embeddable":true,"href":"https:\/\/www.livrariarema.com.br\/loja\/wp-json\/wp\/v2\/media\/315977"}],"wp:attachment":[{"href":"https:\/\/www.livrariarema.com.br\/loja\/wp-json\/wp\/v2\/media?parent=314391"}],"wp:term":[{"taxonomy":"product_cat","embeddable":true,"href":"https:\/\/www.livrariarema.com.br\/loja\/wp-json\/wp\/v2\/product_cat?post=314391"},{"taxonomy":"product_tag","embeddable":true,"href":"https:\/\/www.livrariarema.com.br\/loja\/wp-json\/wp\/v2\/product_tag?post=314391"}],"curies":[{"name":"wp","href":"https:\/\/api.w.org\/{rel}","templated":true}]}}