{"id":314523,"date":"2024-09-10T17:29:59","date_gmt":"2024-09-10T20:29:59","guid":{"rendered":"https:\/\/www.livrariarema.com.br\/loja\/produtos\/sem categoria\/cartilha-de-atividades-maleta-toy-story\/"},"modified":"2025-04-01T17:51:24","modified_gmt":"2025-04-01T20:51:24","slug":"cartilha-de-atividades-maleta-toy-story","status":"publish","type":"product","link":"https:\/\/www.livrariarema.com.br\/loja\/produtos\/livros\/infantil\/cartilha-de-atividades-maleta-toy-story\/","title":{"rendered":"Cartilha De Atividades &#8211; Maleta &#8211; Toy Story"},"content":{"rendered":"<p>A Cartilha de Atividades Maleta Toy Story possui cartela adesiva dupla e 8 Folhas com desenhos para colorir do jeito que a imagina\u00e7\u00e3o permitir! O produto faz parte da cole\u00e7\u00e3o Aprender, Colorir e Brincar da Tilibra, que desenvolve atividades l\u00fadicas e pedag\u00f3gicas para estimular a criatividade e coordena\u00e7\u00e3o motora de crian\u00e7as a partir de 3 anos.<\/p>\n<p>Detalhes:<br \/>\nC\u00f3digo de barras individual<br \/>\nCor: Sortidas<br \/>\nFolha de adesivos dupla<br \/>\nMaterial: Papel<br \/>\nProduto certificado: FSC<br \/>\nFormato: 190mm x 250mm<br \/>\nGramatura: 75 g\/m\u00b2<br \/>\nN\u00famero de folhas: 8 folhas<\/p>\n","protected":false},"excerpt":{"rendered":"<p>A Cartilha de Atividades Maleta Toy Story possui cartela adesiva dupla e 8 Folhas com desenhos para colorir do jeito&hellip;<\/p>\n","protected":false},"featured_media":314522,"comment_status":"open","ping_status":"closed","template":"","meta":[],"product_cat":[144,134],"product_tag":[],"_links":{"self":[{"href":"https:\/\/www.livrariarema.com.br\/loja\/wp-json\/wp\/v2\/product\/314523"}],"collection":[{"href":"https:\/\/www.livrariarema.com.br\/loja\/wp-json\/wp\/v2\/product"}],"about":[{"href":"https:\/\/www.livrariarema.com.br\/loja\/wp-json\/wp\/v2\/types\/product"}],"replies":[{"embeddable":true,"href":"https:\/\/www.livrariarema.com.br\/loja\/wp-json\/wp\/v2\/comments?post=314523"}],"wp:featuredmedia":[{"embeddable":true,"href":"https:\/\/www.livrariarema.com.br\/loja\/wp-json\/wp\/v2\/media\/314522"}],"wp:attachment":[{"href":"https:\/\/www.livrariarema.com.br\/loja\/wp-json\/wp\/v2\/media?parent=314523"}],"wp:term":[{"taxonomy":"product_cat","embeddable":true,"href":"https:\/\/www.livrariarema.com.br\/loja\/wp-json\/wp\/v2\/product_cat?post=314523"},{"taxonomy":"product_tag","embeddable":true,"href":"https:\/\/www.livrariarema.com.br\/loja\/wp-json\/wp\/v2\/product_tag?post=314523"}],"curies":[{"name":"wp","href":"https:\/\/api.w.org\/{rel}","templated":true}]}}