{"id":315065,"date":"2024-09-16T14:34:29","date_gmt":"2024-09-16T17:34:29","guid":{"rendered":"https:\/\/www.livrariarema.com.br\/loja\/produtos\/sem categoria\/caderno-smart-colegial-80-folhas-all-black\/"},"modified":"2026-02-05T13:02:25","modified_gmt":"2026-02-05T16:02:25","slug":"caderno-smart-colegial-80-folhas-all-black","status":"publish","type":"product","link":"https:\/\/www.livrariarema.com.br\/loja\/produtos\/papelaria\/caderno\/caderno-smart-colegial-80-folhas-all-black\/","title":{"rendered":"Caderno Smart Colegial &#8211; 80 Folhas &#8211; All Black"},"content":{"rendered":"<p>O caderno Smart em Wire-o \u00e9 lindo, sofisticado e muito resistente, pois \u00e9 de metal grosso e totalmente fixo com a capa, sem ficar balan\u00e7ando ou com o risco de cair e desmontar.<br \/>\nSmart porque \u00e9 vers\u00e1til, \u00e9 poss\u00edvel remover, acrescentar e reordenar as folhas sem qualquer dano a elas ou \u00e0 estrutura do caderno. Tipo um fich\u00e1rio, mas muito mais f\u00e1cil.<br \/>\nO caderno conta com 80 folhas destac\u00e1veis e com a gramatura 90gr. a tinta da canetinha n\u00e3o vaza na folha seguinte na hora de colorir, al\u00e9m das divis\u00f3rias.<\/p>\n<p>Com fechamento em el\u00e1stico \/ 80 folhas com gramatura 90gr e 10 divis\u00f3rias em papel, todas remov\u00edveis com a possibilidade de remanejar para onde quiser.<\/p>\n","protected":false},"excerpt":{"rendered":"<p>O caderno Smart em Wire-o \u00e9 lindo, sofisticado e muito resistente, pois \u00e9 de metal grosso e totalmente fixo com&hellip;<\/p>\n","protected":false},"featured_media":327174,"comment_status":"open","ping_status":"closed","template":"","meta":[],"product_cat":[230,215],"product_tag":[],"_links":{"self":[{"href":"https:\/\/www.livrariarema.com.br\/loja\/wp-json\/wp\/v2\/product\/315065"}],"collection":[{"href":"https:\/\/www.livrariarema.com.br\/loja\/wp-json\/wp\/v2\/product"}],"about":[{"href":"https:\/\/www.livrariarema.com.br\/loja\/wp-json\/wp\/v2\/types\/product"}],"replies":[{"embeddable":true,"href":"https:\/\/www.livrariarema.com.br\/loja\/wp-json\/wp\/v2\/comments?post=315065"}],"wp:featuredmedia":[{"embeddable":true,"href":"https:\/\/www.livrariarema.com.br\/loja\/wp-json\/wp\/v2\/media\/327174"}],"wp:attachment":[{"href":"https:\/\/www.livrariarema.com.br\/loja\/wp-json\/wp\/v2\/media?parent=315065"}],"wp:term":[{"taxonomy":"product_cat","embeddable":true,"href":"https:\/\/www.livrariarema.com.br\/loja\/wp-json\/wp\/v2\/product_cat?post=315065"},{"taxonomy":"product_tag","embeddable":true,"href":"https:\/\/www.livrariarema.com.br\/loja\/wp-json\/wp\/v2\/product_tag?post=315065"}],"curies":[{"name":"wp","href":"https:\/\/api.w.org\/{rel}","templated":true}]}}