{"id":315073,"date":"2024-09-16T14:34:57","date_gmt":"2024-09-16T17:34:57","guid":{"rendered":"https:\/\/www.livrariarema.com.br\/loja\/produtos\/sem categoria\/caderno-smart-mini-80-folhas-pooh\/"},"modified":"2025-03-05T17:38:17","modified_gmt":"2025-03-05T20:38:17","slug":"caderno-smart-mini-80-folhas-pooh","status":"publish","type":"product","link":"https:\/\/www.livrariarema.com.br\/loja\/produtos\/papelaria\/caderno\/caderno-smart-mini-80-folhas-pooh\/","title":{"rendered":"Caderno Smart Mini &#8211; 80 Folhas &#8211; Pooh"},"content":{"rendered":"<p>O caderno DAC Smart conta com 80 folhas reposicion\u00e1veis que possibilita voc\u00ea retirar, acrescentar e orgazinar tudo do seu Jeito, sem contar que as folhas s\u00e3o 90g, assim a tinta da caneta n\u00e3o vaza para o outro lado da folha na hora da escrita. UM DIA SEM UM AMIGO E UM PRODUTO DAC \u00c9 COMO UM FAVO SEM UMA GOTA DE MEL! O Ursinho mais amado do mundo retorna numa nova cole\u00e7\u00e3o cheia de novidades e ainda mais fofa.<\/p>\n<p>Com 80 Folhas reposicion\u00e1veis 90g, Wire-o, Capa com aplica\u00e7\u00e3o de hot stamping<\/p>\n","protected":false},"excerpt":{"rendered":"<p>O caderno DAC Smart conta com 80 folhas reposicion\u00e1veis que possibilita voc\u00ea retirar, acrescentar e orgazinar tudo do seu Jeito,&hellip;<\/p>\n","protected":false},"featured_media":327176,"comment_status":"open","ping_status":"closed","template":"","meta":[],"product_cat":[230,215],"product_tag":[],"_links":{"self":[{"href":"https:\/\/www.livrariarema.com.br\/loja\/wp-json\/wp\/v2\/product\/315073"}],"collection":[{"href":"https:\/\/www.livrariarema.com.br\/loja\/wp-json\/wp\/v2\/product"}],"about":[{"href":"https:\/\/www.livrariarema.com.br\/loja\/wp-json\/wp\/v2\/types\/product"}],"replies":[{"embeddable":true,"href":"https:\/\/www.livrariarema.com.br\/loja\/wp-json\/wp\/v2\/comments?post=315073"}],"wp:featuredmedia":[{"embeddable":true,"href":"https:\/\/www.livrariarema.com.br\/loja\/wp-json\/wp\/v2\/media\/327176"}],"wp:attachment":[{"href":"https:\/\/www.livrariarema.com.br\/loja\/wp-json\/wp\/v2\/media?parent=315073"}],"wp:term":[{"taxonomy":"product_cat","embeddable":true,"href":"https:\/\/www.livrariarema.com.br\/loja\/wp-json\/wp\/v2\/product_cat?post=315073"},{"taxonomy":"product_tag","embeddable":true,"href":"https:\/\/www.livrariarema.com.br\/loja\/wp-json\/wp\/v2\/product_tag?post=315073"}],"curies":[{"name":"wp","href":"https:\/\/api.w.org\/{rel}","templated":true}]}}