{"id":315079,"date":"2024-09-16T14:35:19","date_gmt":"2024-09-16T17:35:19","guid":{"rendered":"https:\/\/www.livrariarema.com.br\/loja\/produtos\/sem categoria\/caderno-argolado-mini-looney-tunes\/"},"modified":"2025-03-05T17:38:30","modified_gmt":"2025-03-05T20:38:30","slug":"caderno-argolado-mini-looney-tunes","status":"publish","type":"product","link":"https:\/\/www.livrariarema.com.br\/loja\/produtos\/papelaria\/caderno\/caderno-argolado-mini-looney-tunes\/","title":{"rendered":"Caderno Argolado Mini &#8211; Looney Tunes"},"content":{"rendered":"<p>Ideal para estimular a organiza\u00e7\u00e3o dos estudos di\u00e1rios e alcan\u00e7ar as metas e objetivos sem perder a motiva\u00e7\u00e3o. Cheio de versatilidade ao inserir ou retirar folhas, pois as argolas articuladas abrem, possibilitando esta a\u00e7\u00e3o. \u00datil e estiloso, foi feito para arrasar! Pronto para escola ou faculdade.<\/p>\n<p>Capa em PVC crista, base em papel com 2 argolas, encarte com estampa frente e verso (2 op\u00e7\u00f5es de capa) e 80 folhas decoradas<\/p>\n","protected":false},"excerpt":{"rendered":"<p>Ideal para estimular a organiza\u00e7\u00e3o dos estudos di\u00e1rios e alcan\u00e7ar as metas e objetivos sem perder a motiva\u00e7\u00e3o. Cheio de&hellip;<\/p>\n","protected":false},"featured_media":327179,"comment_status":"open","ping_status":"closed","template":"","meta":[],"product_cat":[230,215],"product_tag":[],"_links":{"self":[{"href":"https:\/\/www.livrariarema.com.br\/loja\/wp-json\/wp\/v2\/product\/315079"}],"collection":[{"href":"https:\/\/www.livrariarema.com.br\/loja\/wp-json\/wp\/v2\/product"}],"about":[{"href":"https:\/\/www.livrariarema.com.br\/loja\/wp-json\/wp\/v2\/types\/product"}],"replies":[{"embeddable":true,"href":"https:\/\/www.livrariarema.com.br\/loja\/wp-json\/wp\/v2\/comments?post=315079"}],"wp:featuredmedia":[{"embeddable":true,"href":"https:\/\/www.livrariarema.com.br\/loja\/wp-json\/wp\/v2\/media\/327179"}],"wp:attachment":[{"href":"https:\/\/www.livrariarema.com.br\/loja\/wp-json\/wp\/v2\/media?parent=315079"}],"wp:term":[{"taxonomy":"product_cat","embeddable":true,"href":"https:\/\/www.livrariarema.com.br\/loja\/wp-json\/wp\/v2\/product_cat?post=315079"},{"taxonomy":"product_tag","embeddable":true,"href":"https:\/\/www.livrariarema.com.br\/loja\/wp-json\/wp\/v2\/product_tag?post=315079"}],"curies":[{"name":"wp","href":"https:\/\/api.w.org\/{rel}","templated":true}]}}