{"id":315085,"date":"2024-09-16T14:35:40","date_gmt":"2024-09-16T17:35:40","guid":{"rendered":"https:\/\/www.livrariarema.com.br\/loja\/produtos\/sem categoria\/caderno-colegial-smart-80-folhas-homem-aranha\/"},"modified":"2025-03-05T17:38:38","modified_gmt":"2025-03-05T20:38:38","slug":"caderno-colegial-smart-80-folhas-homem-aranha","status":"publish","type":"product","link":"https:\/\/www.livrariarema.com.br\/loja\/produtos\/papelaria\/caderno\/caderno-colegial-smart-80-folhas-homem-aranha\/","title":{"rendered":"Caderno Colegial Smart &#8211; 80 Folhas &#8211; Homem Aranha"},"content":{"rendered":"<p>O caderno DAC Smart conta com 80 folhas reposicion\u00e1veis que possibilita voc\u00ea retirar, acrescentar e orgazinar tudo do seu Jeito, sem contar que as folhas s\u00e3o 90g, assim a tinta da caneta n\u00e3o vaza para o outro lado da folha na hora da escrita.<\/p>\n<p>Wire-o preto, 48 folhas 90g, folhas e divis\u00f3rias reposicion\u00e1veis.<\/p>\n","protected":false},"excerpt":{"rendered":"<p>O caderno DAC Smart conta com 80 folhas reposicion\u00e1veis que possibilita voc\u00ea retirar, acrescentar e orgazinar tudo do seu Jeito,&hellip;<\/p>\n","protected":false},"featured_media":327181,"comment_status":"open","ping_status":"closed","template":"","meta":[],"product_cat":[230,215],"product_tag":[],"_links":{"self":[{"href":"https:\/\/www.livrariarema.com.br\/loja\/wp-json\/wp\/v2\/product\/315085"}],"collection":[{"href":"https:\/\/www.livrariarema.com.br\/loja\/wp-json\/wp\/v2\/product"}],"about":[{"href":"https:\/\/www.livrariarema.com.br\/loja\/wp-json\/wp\/v2\/types\/product"}],"replies":[{"embeddable":true,"href":"https:\/\/www.livrariarema.com.br\/loja\/wp-json\/wp\/v2\/comments?post=315085"}],"wp:featuredmedia":[{"embeddable":true,"href":"https:\/\/www.livrariarema.com.br\/loja\/wp-json\/wp\/v2\/media\/327181"}],"wp:attachment":[{"href":"https:\/\/www.livrariarema.com.br\/loja\/wp-json\/wp\/v2\/media?parent=315085"}],"wp:term":[{"taxonomy":"product_cat","embeddable":true,"href":"https:\/\/www.livrariarema.com.br\/loja\/wp-json\/wp\/v2\/product_cat?post=315085"},{"taxonomy":"product_tag","embeddable":true,"href":"https:\/\/www.livrariarema.com.br\/loja\/wp-json\/wp\/v2\/product_tag?post=315085"}],"curies":[{"name":"wp","href":"https:\/\/api.w.org\/{rel}","templated":true}]}}