{"id":315110,"date":"2024-09-16T14:42:25","date_gmt":"2024-09-16T17:42:25","guid":{"rendered":"https:\/\/www.livrariarema.com.br\/loja\/produtos\/sem categoria\/caderno-argolado-mini-vision-azul-marinho\/"},"modified":"2026-03-17T14:20:46","modified_gmt":"2026-03-17T17:20:46","slug":"caderno-argolado-mini-vision-azul-marinho","status":"publish","type":"product","link":"https:\/\/www.livrariarema.com.br\/loja\/produtos\/papelaria\/caderno\/caderno-argolado-mini-vision-azul-marinho\/","title":{"rendered":"Caderno Argolado &#8211;  Mini &#8211; Vision &#8211; Azul Marinho"},"content":{"rendered":"<p>O Mini Ficheiro DAC Vision \u00e9 incr\u00edvel e ideal para estimular a organiza\u00e7\u00e3o dos estudos di\u00e1rios e alcan\u00e7ar as metas e objetivos sem perder a motiva\u00e7\u00e3o. Cheio de versatilidade ao inserir ou retirar folhas, pois as argolas articuladas abrem, possibilitando esta a\u00e7\u00e3o. \u00datil e estiloso, foi feito para arrasar! Pronto para escola ou faculdade. Sem contar que ele \u00e9 perfeito para quem para quem gosta de utilizar o metodo de flashcards no hora o estudo<\/p>\n<p>Com 80 Folhas 90gr, Capa em Papel Pastificado e 2 argolas<\/p>\n","protected":false},"excerpt":{"rendered":"<p>O Mini Ficheiro DAC Vision \u00e9 incr\u00edvel e ideal para estimular a organiza\u00e7\u00e3o dos estudos di\u00e1rios e alcan\u00e7ar as metas&hellip;<\/p>\n","protected":false},"featured_media":327172,"comment_status":"open","ping_status":"closed","template":"","meta":[],"product_cat":[230,215],"product_tag":[],"_links":{"self":[{"href":"https:\/\/www.livrariarema.com.br\/loja\/wp-json\/wp\/v2\/product\/315110"}],"collection":[{"href":"https:\/\/www.livrariarema.com.br\/loja\/wp-json\/wp\/v2\/product"}],"about":[{"href":"https:\/\/www.livrariarema.com.br\/loja\/wp-json\/wp\/v2\/types\/product"}],"replies":[{"embeddable":true,"href":"https:\/\/www.livrariarema.com.br\/loja\/wp-json\/wp\/v2\/comments?post=315110"}],"wp:featuredmedia":[{"embeddable":true,"href":"https:\/\/www.livrariarema.com.br\/loja\/wp-json\/wp\/v2\/media\/327172"}],"wp:attachment":[{"href":"https:\/\/www.livrariarema.com.br\/loja\/wp-json\/wp\/v2\/media?parent=315110"}],"wp:term":[{"taxonomy":"product_cat","embeddable":true,"href":"https:\/\/www.livrariarema.com.br\/loja\/wp-json\/wp\/v2\/product_cat?post=315110"},{"taxonomy":"product_tag","embeddable":true,"href":"https:\/\/www.livrariarema.com.br\/loja\/wp-json\/wp\/v2\/product_tag?post=315110"}],"curies":[{"name":"wp","href":"https:\/\/api.w.org\/{rel}","templated":true}]}}