{"id":315273,"date":"2024-09-17T09:29:30","date_gmt":"2024-09-17T12:29:30","guid":{"rendered":"https:\/\/www.livrariarema.com.br\/loja\/produtos\/sem categoria\/biblia-e-minha-melhor-amiga-a-devocional-365-dias\/"},"modified":"2026-01-08T08:59:03","modified_gmt":"2026-01-08T11:59:03","slug":"biblia-e-minha-melhor-amiga-a-devocional-365-dias","status":"publish","type":"product","link":"https:\/\/www.livrariarema.com.br\/loja\/produtos\/livros\/devocional\/biblia-e-minha-melhor-amiga-a-devocional-365-dias\/","title":{"rendered":"Biblia E Minha Melhor Amiga, A &#8211; Devocional 365 Dias"},"content":{"rendered":"<p>Esses 365 momentos em fam\u00edlia s\u00e3o lembretes di\u00e1rios de como a Palavra de Deus pode ser sua melhor amiga! Este devocional \u00e9 a ferramenta perfeita para sua fam\u00edlia se conectar diariamente entre si e com a B\u00edblia, pois oferece inspira\u00e7\u00e3o e divers\u00e3o para cada dia da semana, com atividades curtas e variadas, vers\u00edculos para memorizar, ora\u00e7\u00f5es, charadas e desafios para pais e filhos!<\/p>\n","protected":false},"excerpt":{"rendered":"<p>Esses 365 momentos em fam\u00edlia s\u00e3o lembretes di\u00e1rios de como a Palavra de Deus pode ser sua melhor amiga! Este&hellip;<\/p>\n","protected":false},"featured_media":342761,"comment_status":"open","ping_status":"closed","template":"","meta":[],"product_cat":[158,134],"product_tag":[],"_links":{"self":[{"href":"https:\/\/www.livrariarema.com.br\/loja\/wp-json\/wp\/v2\/product\/315273"}],"collection":[{"href":"https:\/\/www.livrariarema.com.br\/loja\/wp-json\/wp\/v2\/product"}],"about":[{"href":"https:\/\/www.livrariarema.com.br\/loja\/wp-json\/wp\/v2\/types\/product"}],"replies":[{"embeddable":true,"href":"https:\/\/www.livrariarema.com.br\/loja\/wp-json\/wp\/v2\/comments?post=315273"}],"wp:featuredmedia":[{"embeddable":true,"href":"https:\/\/www.livrariarema.com.br\/loja\/wp-json\/wp\/v2\/media\/342761"}],"wp:attachment":[{"href":"https:\/\/www.livrariarema.com.br\/loja\/wp-json\/wp\/v2\/media?parent=315273"}],"wp:term":[{"taxonomy":"product_cat","embeddable":true,"href":"https:\/\/www.livrariarema.com.br\/loja\/wp-json\/wp\/v2\/product_cat?post=315273"},{"taxonomy":"product_tag","embeddable":true,"href":"https:\/\/www.livrariarema.com.br\/loja\/wp-json\/wp\/v2\/product_tag?post=315273"}],"curies":[{"name":"wp","href":"https:\/\/api.w.org\/{rel}","templated":true}]}}