{"id":315409,"date":"2024-09-18T10:09:58","date_gmt":"2024-09-18T13:09:58","guid":{"rendered":"https:\/\/www.livrariarema.com.br\/loja\/produtos\/sem categoria\/pao-diario-conhecendo-a-deus-um-ano-de-leituras-biblicas-sobre-o-carater-de-deus\/"},"modified":"2026-04-08T14:06:46","modified_gmt":"2026-04-08T17:06:46","slug":"pao-diario-conhecendo-a-deus-um-ano-de-leituras-biblicas-sobre-o-carater-de-deus","status":"publish","type":"product","link":"https:\/\/www.livrariarema.com.br\/loja\/produtos\/livros\/devocional\/pao-diario-conhecendo-a-deus-um-ano-de-leituras-biblicas-sobre-o-carater-de-deus\/","title":{"rendered":"P\u00e3o Di\u00e1rio &#8211; Conhecendo A Deus &#8211; Um Ano De Leituras B\u00edblicas Sobre O Car\u00e1ter De Deus"},"content":{"rendered":"<p>Este devocional de abordagem \u00fanica explora um atributo divino por m\u00eas e vem acompanhado de poemas e hinos relacionados ao assunto do dia. Os temas mensais acompanham o calend\u00e1rio lit\u00fargico, contemplando \u00e9pocas como o Natal e a P\u00e1scoa, e celebra\u00e7\u00f5es como o Pentecostes.<br \/>\nCom a vers\u00e3o b\u00edblica NAA, Conhecendo a Deus oferece leituras curtas dos Salmos, do Antigo e do Novo Testamento, e ora\u00e7\u00f5es inspiradoras, sendo uma leitura perfeita para quem busca se aprofundar na compreens\u00e3o do car\u00e1ter divino e manter uma vida devocional ativa.<\/p>\n","protected":false},"excerpt":{"rendered":"<p>Este devocional de abordagem \u00fanica explora um atributo divino por m\u00eas e vem acompanhado de poemas e hinos relacionados ao&hellip;<\/p>\n","protected":false},"featured_media":335247,"comment_status":"open","ping_status":"closed","template":"","meta":[],"product_cat":[158,134],"product_tag":[],"_links":{"self":[{"href":"https:\/\/www.livrariarema.com.br\/loja\/wp-json\/wp\/v2\/product\/315409"}],"collection":[{"href":"https:\/\/www.livrariarema.com.br\/loja\/wp-json\/wp\/v2\/product"}],"about":[{"href":"https:\/\/www.livrariarema.com.br\/loja\/wp-json\/wp\/v2\/types\/product"}],"replies":[{"embeddable":true,"href":"https:\/\/www.livrariarema.com.br\/loja\/wp-json\/wp\/v2\/comments?post=315409"}],"wp:featuredmedia":[{"embeddable":true,"href":"https:\/\/www.livrariarema.com.br\/loja\/wp-json\/wp\/v2\/media\/335247"}],"wp:attachment":[{"href":"https:\/\/www.livrariarema.com.br\/loja\/wp-json\/wp\/v2\/media?parent=315409"}],"wp:term":[{"taxonomy":"product_cat","embeddable":true,"href":"https:\/\/www.livrariarema.com.br\/loja\/wp-json\/wp\/v2\/product_cat?post=315409"},{"taxonomy":"product_tag","embeddable":true,"href":"https:\/\/www.livrariarema.com.br\/loja\/wp-json\/wp\/v2\/product_tag?post=315409"}],"curies":[{"name":"wp","href":"https:\/\/api.w.org\/{rel}","templated":true}]}}